{"id":11239,"date":"2022-03-24T15:34:56","date_gmt":"2022-03-24T14:34:56","guid":{"rendered":"https:\/\/www.mixtuur.com\/?page_id=11239"},"modified":"2022-03-24T15:36:57","modified_gmt":"2022-03-24T14:36:57","slug":"ein-heimorgel-kaufen","status":"publish","type":"page","link":"https:\/\/www.mixtuur.com\/de\/ein-heimorgel-kaufen\/","title":{"rendered":"Heimorgel"},"content":{"rendered":"<h1>Heimorgel<\/h1>\n<p><strong>Sind Sie auf der Suche nach einer Heimorgel? Bei Mixtuur finden Sie eine umfangreiche Kollektion von Heimorgeln in verschiedenen Ausf\u00fchrungen und Gr\u00f6\u00dfen. Sie haben die Wahl zwischen vereinfachtem Hauptwerk und Standard-Hauptwerk. Worin die Unterschiede liegen, erkl\u00e4ren wir Ihnen.<\/strong><\/p>\n<div id=\"attachment_7802\" style=\"width: 510px\" class=\"wp-caption alignright\"><a href=\"https:\/\/www.mixtuur.com\/wp-content\/uploads\/2019\/12\/Etude.png\"><img loading=\"lazy\" decoding=\"async\" aria-describedby=\"caption-attachment-7802\" class=\"size-full wp-image-7802\" src=\"https:\/\/www.mixtuur.com\/wp-content\/uploads\/2019\/12\/Etude.png\" alt=\"Organ occasion\" width=\"500\" height=\"500\" srcset=\"https:\/\/www.mixtuur.com\/wp-content\/uploads\/2019\/12\/Etude.png 500w, https:\/\/www.mixtuur.com\/wp-content\/uploads\/2019\/12\/Etude-80x80.png 80w, https:\/\/www.mixtuur.com\/wp-content\/uploads\/2019\/12\/Etude-300x300.png 300w, https:\/\/www.mixtuur.com\/wp-content\/uploads\/2019\/12\/Etude-36x36.png 36w, https:\/\/www.mixtuur.com\/wp-content\/uploads\/2019\/12\/Etude-180x180.png 180w, https:\/\/www.mixtuur.com\/wp-content\/uploads\/2019\/12\/Etude-120x120.png 120w, https:\/\/www.mixtuur.com\/wp-content\/uploads\/2019\/12\/Etude-450x450.png 450w\" sizes=\"auto, (max-width: 500px) 100vw, 500px\" \/><\/a><p id=\"caption-attachment-7802\" class=\"wp-caption-text\">Etude<\/p><\/div>\n<h2>Vereinfachtes Hauptwerk<\/h2>\n<p>Vereinfachtes Hauptwerk bietet eine L\u00f6sung f\u00fcr alle, die zu Hause auf einer Orgel spielen m\u00f6chten. Eine Heimorgel mit dem vereinfachten Hauptwerk kann ohne jegliche Computerkenntnisse bedient werden. Dadurch k\u00f6nnen Sie das Hauptwerk ganz einfach zu Hause zu genie\u00dfen. Die Bedienung der Orgel erfolgt \u00fcber einfache Displays. Die Technologie wurde von Mixtuur selbst entwickelt. Sie k\u00f6nnen zwischen rituellen Registerkn\u00f6pfen, Standard-Registerz\u00fcgen, Registerwippern und erweiterten Registerkn\u00f6pfen mit automatisch wechselnden Registernamen w\u00e4hlen.<\/p>\n<h2>Standard-Hauptwerk<\/h2>\n<p>Mit einer Mixtuur-Orgel mit Standard-Hauptwerk haben Sie die volle Kontrolle. Mit diesen Orgeln k\u00f6nnen Sie das Beste aus Ihrer Orgel und der Software herausholen. Diese Software ist daher sehr gut f\u00fcr echte Orgelliebhaber geeignet. Das Standard-Hauptwerk bietet Ihnen verschiedene M\u00f6glichkeiten, wie das einfache Stimmen, das Erstellen von Mehrfachkopplungen, aber auch das Voicing einzelner Samples. Es gibt mehrere Modelle mit Standard-Hauptwerk als Heimorgel.<\/p>\n<h2>Unsere Modelle<\/h2>\n<p>Mixtuur bietet verschiedene Modelle von Heimorgeln an. Unser neuestes Modell ist zum Beispiel die <a href=\"https:\/\/www.mixtuur.com\/de\/heimorgeln\/etude\/\">Etude<\/a>. Die Etude ist eine kompakte Orgel in einem sch\u00f6n verarbeiteten Laminatgeh\u00e4use. \u00dcber den Touchscreen haben Sie Zugriff auf 60 virtuelle Registerschalter und Preset-Kn\u00f6pfe. Neben der Etude bieten wir 8 weitere Modelle an, darunter die Maestro, Modesto und die V-touch. Alle Orgeln verf\u00fcgen \u00fcber eine erstklassige Klangwiedergabe, so dass Sie das ultimative Musikerlebnis genie\u00dfen k\u00f6nnen. Sind Sie neugierig auf die Spezifikationen eines oder mehrerer Modelle geworden? <a href=\"https:\/\/www.mixtuur.com\/de\/broschuere-anfordern\/\">Dann fordern Sie die Brosch\u00fcre an<\/a>!<\/p>\n<h2>Ma\u00dfgeschneiderte Heimorgel<\/h2>\n<p>Passt eines unserer Modelle nicht zu Ihrer Einrichtung? Oder sind die Heimorgeln einfach ein bisschen zu gro\u00df oder zu klein f\u00fcr den verf\u00fcgbaren Platz? Bei Mixtuur haben Sie auch die M\u00f6glichkeit, eine Orgel nach Ma\u00df anfertigen zu lassen. Auf diese Weise wird die Orgel ganz Ihren W\u00fcnschen und Vorstellungen angepasst, wodurch sich das Instrument perfekt in Ihr Zuhause einf\u00fcgt. Sind Sie neugierig auf die M\u00f6glichkeiten einer ma\u00dfgeschneiderten Heimorgel geworden? Dann setzen Sie sich mit uns in Verbindung. Wir besprechen gerne mit Ihnen die M\u00f6glichkeiten.<\/p>\n<h2>Testen der Orgel im Showroom<\/h2>\n<p>M\u00f6chten Sie erst einmal erleben, wie es ist, auf einer Mixtuur-Orgel zu spielen? Dann <a href=\"https:\/\/www.mixtuur.com\/de\/kontakt\/\">vereinbaren Sie einen Termin<\/a> in unserem Showroom. Hier k\u00f6nnen Sie unsere Mixtuur-Orgeln selbst ausprobieren.<\/p>\n","protected":false},"excerpt":{"rendered":"<p>Heimorgel Sind Sie auf der Suche nach einer Heimorgel? Bei Mixtuur finden Sie eine umfangreiche Kollektion von Heimorgeln in verschiedenen Ausf\u00fchrungen und Gr\u00f6\u00dfen. Sie haben die Wahl zwischen vereinfachtem Hauptwerk und Standard-Hauptwerk. Worin die Unterschiede liegen, erkl\u00e4ren wir Ihnen. Vereinfachtes Hauptwerk Vereinfachtes Hauptwerk bietet eine L\u00f6sung f\u00fcr alle, die zu Hause auf einer Orgel spielen [&hellip;]<\/p>\n","protected":false},"author":17,"featured_media":0,"parent":0,"menu_order":0,"comment_status":"closed","ping_status":"closed","template":"","meta":{"footnotes":""},"class_list":["post-11239","page","type-page","status-publish","hentry"],"yoast_head":"<!-- This site is optimized with the Yoast SEO plugin v25.5 - https:\/\/yoast.com\/wordpress\/plugins\/seo\/ -->\n<title>Sind Sie an einer Heimorgel interessiert? Alle Modelle anzeigen<\/title>\n<meta name=\"description\" content=\"Sind Sie auf der Suche nach einer Heimorgel? Mixtuur bietet eine umfangreiche Kollektion von Heimorgeln an. Auch Sonderanfertigungen sind m\u00f6glich!\" \/>\n<meta name=\"robots\" content=\"index, follow, max-snippet:-1, max-image-preview:large, max-video-preview:-1\" \/>\n<link rel=\"canonical\" href=\"https:\/\/www.mixtuur.com\/orgel-in-huis\/\" \/>\n<meta property=\"og:locale\" content=\"de_DE\" \/>\n<meta property=\"og:type\" content=\"article\" \/>\n<meta property=\"og:title\" content=\"Sind Sie an einer Heimorgel interessiert? Alle Modelle anzeigen\" \/>\n<meta property=\"og:description\" content=\"Sind Sie auf der Suche nach einer Heimorgel? Mixtuur bietet eine umfangreiche Kollektion von Heimorgeln an. Auch Sonderanfertigungen sind m\u00f6glich!\" \/>\n<meta property=\"og:url\" content=\"https:\/\/www.mixtuur.com\/orgel-in-huis\/\" \/>\n<meta property=\"og:site_name\" content=\"Mixtuur\" \/>\n<meta property=\"article:modified_time\" content=\"2022-03-24T14:36:57+00:00\" \/>\n<meta property=\"og:image\" content=\"https:\/\/www.mixtuur.com\/wordpress\/wp-content\/uploads\/2019\/12\/Etude.png\" \/>\n<meta name=\"twitter:card\" content=\"summary_large_image\" \/>\n<meta name=\"twitter:label1\" content=\"Gesch\u00e4tzte Lesezeit\" \/>\n\t<meta name=\"twitter:data1\" content=\"2\u00a0Minuten\" \/>\n<script type=\"application\/ld+json\" class=\"yoast-schema-graph\">{\"@context\":\"https:\/\/schema.org\",\"@graph\":[{\"@type\":\"WebPage\",\"@id\":\"https:\/\/www.mixtuur.com\/orgel-in-huis\/\",\"url\":\"https:\/\/www.mixtuur.com\/orgel-in-huis\/\",\"name\":\"Sind Sie an einer Heimorgel interessiert? Alle Modelle anzeigen\",\"isPartOf\":{\"@id\":\"https:\/\/www.mixtuur.com\/#website\"},\"primaryImageOfPage\":{\"@id\":\"https:\/\/www.mixtuur.com\/orgel-in-huis\/#primaryimage\"},\"image\":{\"@id\":\"https:\/\/www.mixtuur.com\/orgel-in-huis\/#primaryimage\"},\"thumbnailUrl\":\"https:\/\/www.mixtuur.com\/wp-content\/uploads\/2019\/12\/Etude.png\",\"datePublished\":\"2022-03-24T14:34:56+00:00\",\"dateModified\":\"2022-03-24T14:36:57+00:00\",\"description\":\"Sind Sie auf der Suche nach einer Heimorgel? Mixtuur bietet eine umfangreiche Kollektion von Heimorgeln an. Auch Sonderanfertigungen sind m\u00f6glich!\",\"breadcrumb\":{\"@id\":\"https:\/\/www.mixtuur.com\/orgel-in-huis\/#breadcrumb\"},\"inLanguage\":\"de\",\"potentialAction\":[{\"@type\":\"ReadAction\",\"target\":[\"https:\/\/www.mixtuur.com\/orgel-in-huis\/\"]}]},{\"@type\":\"ImageObject\",\"inLanguage\":\"de\",\"@id\":\"https:\/\/www.mixtuur.com\/orgel-in-huis\/#primaryimage\",\"url\":\"https:\/\/www.mixtuur.com\/wp-content\/uploads\/2019\/12\/Etude.png\",\"contentUrl\":\"https:\/\/www.mixtuur.com\/wp-content\/uploads\/2019\/12\/Etude.png\"},{\"@type\":\"BreadcrumbList\",\"@id\":\"https:\/\/www.mixtuur.com\/orgel-in-huis\/#breadcrumb\",\"itemListElement\":[{\"@type\":\"ListItem\",\"position\":1,\"name\":\"Home\",\"item\":\"https:\/\/www.mixtuur.com\/de\/\"},{\"@type\":\"ListItem\",\"position\":2,\"name\":\"Heimorgel\"}]},{\"@type\":\"WebSite\",\"@id\":\"https:\/\/www.mixtuur.com\/#website\",\"url\":\"https:\/\/www.mixtuur.com\/\",\"name\":\"Mixtuur\",\"description\":\"The Authentic Sound\",\"potentialAction\":[{\"@type\":\"SearchAction\",\"target\":{\"@type\":\"EntryPoint\",\"urlTemplate\":\"https:\/\/www.mixtuur.com\/?s={search_term_string}\"},\"query-input\":{\"@type\":\"PropertyValueSpecification\",\"valueRequired\":true,\"valueName\":\"search_term_string\"}}],\"inLanguage\":\"de\"}]}<\/script>\n<!-- \/ Yoast SEO plugin. -->","yoast_head_json":{"title":"Sind Sie an einer Heimorgel interessiert? Alle Modelle anzeigen","description":"Sind Sie auf der Suche nach einer Heimorgel? Mixtuur bietet eine umfangreiche Kollektion von Heimorgeln an. Auch Sonderanfertigungen sind m\u00f6glich!","robots":{"index":"index","follow":"follow","max-snippet":"max-snippet:-1","max-image-preview":"max-image-preview:large","max-video-preview":"max-video-preview:-1"},"canonical":"https:\/\/www.mixtuur.com\/orgel-in-huis\/","og_locale":"de_DE","og_type":"article","og_title":"Sind Sie an einer Heimorgel interessiert? Alle Modelle anzeigen","og_description":"Sind Sie auf der Suche nach einer Heimorgel? Mixtuur bietet eine umfangreiche Kollektion von Heimorgeln an. Auch Sonderanfertigungen sind m\u00f6glich!","og_url":"https:\/\/www.mixtuur.com\/orgel-in-huis\/","og_site_name":"Mixtuur","article_modified_time":"2022-03-24T14:36:57+00:00","og_image":[{"url":"https:\/\/www.mixtuur.com\/wordpress\/wp-content\/uploads\/2019\/12\/Etude.png","type":"","width":"","height":""}],"twitter_card":"summary_large_image","twitter_misc":{"Gesch\u00e4tzte Lesezeit":"2\u00a0Minuten"},"schema":{"@context":"https:\/\/schema.org","@graph":[{"@type":"WebPage","@id":"https:\/\/www.mixtuur.com\/orgel-in-huis\/","url":"https:\/\/www.mixtuur.com\/orgel-in-huis\/","name":"Sind Sie an einer Heimorgel interessiert? Alle Modelle anzeigen","isPartOf":{"@id":"https:\/\/www.mixtuur.com\/#website"},"primaryImageOfPage":{"@id":"https:\/\/www.mixtuur.com\/orgel-in-huis\/#primaryimage"},"image":{"@id":"https:\/\/www.mixtuur.com\/orgel-in-huis\/#primaryimage"},"thumbnailUrl":"https:\/\/www.mixtuur.com\/wp-content\/uploads\/2019\/12\/Etude.png","datePublished":"2022-03-24T14:34:56+00:00","dateModified":"2022-03-24T14:36:57+00:00","description":"Sind Sie auf der Suche nach einer Heimorgel? Mixtuur bietet eine umfangreiche Kollektion von Heimorgeln an. Auch Sonderanfertigungen sind m\u00f6glich!","breadcrumb":{"@id":"https:\/\/www.mixtuur.com\/orgel-in-huis\/#breadcrumb"},"inLanguage":"de","potentialAction":[{"@type":"ReadAction","target":["https:\/\/www.mixtuur.com\/orgel-in-huis\/"]}]},{"@type":"ImageObject","inLanguage":"de","@id":"https:\/\/www.mixtuur.com\/orgel-in-huis\/#primaryimage","url":"https:\/\/www.mixtuur.com\/wp-content\/uploads\/2019\/12\/Etude.png","contentUrl":"https:\/\/www.mixtuur.com\/wp-content\/uploads\/2019\/12\/Etude.png"},{"@type":"BreadcrumbList","@id":"https:\/\/www.mixtuur.com\/orgel-in-huis\/#breadcrumb","itemListElement":[{"@type":"ListItem","position":1,"name":"Home","item":"https:\/\/www.mixtuur.com\/de\/"},{"@type":"ListItem","position":2,"name":"Heimorgel"}]},{"@type":"WebSite","@id":"https:\/\/www.mixtuur.com\/#website","url":"https:\/\/www.mixtuur.com\/","name":"Mixtuur","description":"The Authentic Sound","potentialAction":[{"@type":"SearchAction","target":{"@type":"EntryPoint","urlTemplate":"https:\/\/www.mixtuur.com\/?s={search_term_string}"},"query-input":{"@type":"PropertyValueSpecification","valueRequired":true,"valueName":"search_term_string"}}],"inLanguage":"de"}]}},"_links":{"self":[{"href":"https:\/\/www.mixtuur.com\/de\/wp-json\/wp\/v2\/pages\/11239","targetHints":{"allow":["GET"]}}],"collection":[{"href":"https:\/\/www.mixtuur.com\/de\/wp-json\/wp\/v2\/pages"}],"about":[{"href":"https:\/\/www.mixtuur.com\/de\/wp-json\/wp\/v2\/types\/page"}],"author":[{"embeddable":true,"href":"https:\/\/www.mixtuur.com\/de\/wp-json\/wp\/v2\/users\/17"}],"replies":[{"embeddable":true,"href":"https:\/\/www.mixtuur.com\/de\/wp-json\/wp\/v2\/comments?post=11239"}],"version-history":[{"count":2,"href":"https:\/\/www.mixtuur.com\/de\/wp-json\/wp\/v2\/pages\/11239\/revisions"}],"predecessor-version":[{"id":11241,"href":"https:\/\/www.mixtuur.com\/de\/wp-json\/wp\/v2\/pages\/11239\/revisions\/11241"}],"wp:attachment":[{"href":"https:\/\/www.mixtuur.com\/de\/wp-json\/wp\/v2\/media?parent=11239"}],"curies":[{"name":"wp","href":"https:\/\/api.w.org\/{rel}","templated":true}]}}