{"id":11235,"date":"2022-03-24T15:29:32","date_gmt":"2022-03-24T14:29:32","guid":{"rendered":"https:\/\/www.mixtuur.com\/?page_id=11235"},"modified":"2022-11-14T12:28:53","modified_gmt":"2022-11-14T11:28:53","slug":"digitale-kirchenorgel","status":"publish","type":"page","link":"https:\/\/www.mixtuur.com\/de\/digitale-kirchenorgel\/","title":{"rendered":"Digitale Kirchenorgel"},"content":{"rendered":"<h1>Digitale Kirchenorgel<\/h1>\n<p><strong>Sind Sie neugierig auf die endlosen M\u00f6glichkeiten einer digitalen Kirchenorgel? Mit der Hauptwerk\u2122-Software k\u00f6nnen Sie Hunderte von verschiedenen Orgeln spielen, und zwar auf Knopfdruck.<\/strong><\/p>\n<p>Sie haben nicht nur eine gro\u00dfe Auswahl, welche Orgel Sie spielen m\u00f6chten, sondern auch in Bezug auf das Design haben Sie mehrere M\u00f6glichkeiten. Sie k\u00f6nnen zum Beispiel einen modernen Touchscreen oder einen traditionellen Zugknopf zur Bedienung der Hauptwerk\u2122-Software w\u00e4hlen. Dar\u00fcber hinaus k\u00f6nnen Sie sich auch f\u00fcr eine vollst\u00e4ndige Individualisierung entscheiden, so dass die Kirchenorgel ganz nach Ihren W\u00fcnschen gebaut wird.<\/p>\n<h2>5 Vorteile einer digitalen Kirchenorgel mit Hauptwerk\u2122<\/h2>\n<ol>\n<li>Eine digitale Kirchenorgel mit Hauptwerk\u2122 bietet unendliche M\u00f6glichkeiten. Sie k\u00f6nnen genauso gut eine Silbermann wie eine Cavaill\u00e9-Coll spielen.<\/li>\n<li>Ein atemberaubendes Klangerlebnis, da die Orgel und die Audiokomponenten speziell auf Ihre Kirche abgestimmt sind.<\/li>\n<li>Eine digitale Kirchenorgel mit Hauptwerk\u2122 ist von einer traditionellen Pfeifenorgel nicht mehr zu unterscheiden.<\/li>\n<li>Auch als Erweiterung Ihrer jetzigen Pfeifenorgel m\u00f6glich, ohne dass die aktuellen Stimmen Ihrer Orgel verloren gehen.<\/li>\n<li>Festes oder flexibles Audio-Setup, komplettes Orgelgeh\u00e4use oder nur ein Spieltisch. Zahlreiche M\u00f6glichkeiten f\u00fcr Ihre Situation.<\/li>\n<\/ol>\n<h2>Demonstration Hauptwerk\u2122 Orgel<\/h2>\n<p>H\u00f6ren Sie unten eine Vorf\u00fchrung auf einer Intrada III von Mixtuur Organs von P\u00e9tur Sakari. Zusammen mit unserem finnischen Mixtuur-H\u00e4ndler, Timo Vikman, hat er ein Demonstrationsvideo gedreht. In diesem Video werden verschiedene Teile aus Werken von Bach, Vierne und Franck u.a. auf verschiedenen Samplesets von unterschiedlichen Orgeln gespielt.<\/p>\n<div class='avia-iframe-wrap'><iframe loading=\"lazy\" title=\"P\u00e9tur Sakari soittaa Mixtuur virtuaaliurkuja. P\u00e9tur Sakari demonstrates Mixtuur virtual organs.\" width=\"1500\" height=\"844\" src=\"https:\/\/www.youtube.com\/embed\/oG5MZGDtAPQ?feature=oembed\" frameborder=\"0\" allow=\"accelerometer; autoplay; clipboard-write; encrypted-media; gyroscope; picture-in-picture\" allowfullscreen><\/iframe><\/div>\n<h2>M\u00f6chten Sie eine digitale Kirchenorgel kaufen?<\/h2>\n<p>Eine digitale Kirchenorgel bietet viele M\u00f6glichkeiten. Sind Sie neugierig, was eine Mixtuur-Orgel Ihrer Kirchengemeinde bieten kann? Bei Mixtuur kaufen Sie eine digitale Kirchenorgel zu einem g\u00fcnstigen Preis und erhalten eine 2-j\u00e4hrige Garantie auf eine neue Orgel.<\/p>\n<p>In unserem Showroom k\u00f6nnen Sie verschiedene Orgeln testen. <a href=\"https:\/\/www.mixtuur.com\/de\/kontakt\/\">Vereinbaren Sie einen Termin<\/a> und besuchen Sie unseren Ausstellungsraum. Sie k\u00f6nnen auch unsere <a href=\"https:\/\/www.mixtuur.com\/de\/broschuere-anfordern\/\">Brosch\u00fcren anfordern<\/a>, die Sie direkt in Ihrer Mailbox erhalten.<\/p>\n","protected":false},"excerpt":{"rendered":"<p>Digitale Kirchenorgel Sind Sie neugierig auf die endlosen M\u00f6glichkeiten einer digitalen Kirchenorgel? Mit der Hauptwerk\u2122-Software k\u00f6nnen Sie Hunderte von verschiedenen Orgeln spielen, und zwar auf Knopfdruck. Sie haben nicht nur eine gro\u00dfe Auswahl, welche Orgel Sie spielen m\u00f6chten, sondern auch in Bezug auf das Design haben Sie mehrere M\u00f6glichkeiten. Sie k\u00f6nnen zum Beispiel einen modernen [&hellip;]<\/p>\n","protected":false},"author":17,"featured_media":0,"parent":0,"menu_order":0,"comment_status":"closed","ping_status":"closed","template":"","meta":{"footnotes":""},"class_list":["post-11235","page","type-page","status-publish","hentry"],"yoast_head":"<!-- This site is optimized with the Yoast SEO plugin v25.5 - https:\/\/yoast.com\/wordpress\/plugins\/seo\/ -->\n<title>Entdecken Sie die M\u00f6glichkeiten einer digitalen Kirchenorgel<\/title>\n<meta name=\"description\" content=\"Eine digitale Kirchenorgel mit Hauptwerk ist nicht mehr von einer traditionellen Pfeifenorgel zu unterscheiden. Auch als Erg\u00e4nzung zu Ihrer jetzigen Orgel m\u00f6glich.\" \/>\n<meta name=\"robots\" content=\"index, follow, max-snippet:-1, max-image-preview:large, max-video-preview:-1\" \/>\n<link rel=\"canonical\" href=\"https:\/\/www.mixtuur.com\/digitaal-kerkorgel\/\" \/>\n<meta property=\"og:locale\" content=\"de_DE\" \/>\n<meta property=\"og:type\" content=\"article\" \/>\n<meta property=\"og:title\" content=\"Entdecken Sie die M\u00f6glichkeiten einer digitalen Kirchenorgel\" \/>\n<meta property=\"og:description\" content=\"Eine digitale Kirchenorgel mit Hauptwerk ist nicht mehr von einer traditionellen Pfeifenorgel zu unterscheiden. Auch als Erg\u00e4nzung zu Ihrer jetzigen Orgel m\u00f6glich.\" \/>\n<meta property=\"og:url\" content=\"https:\/\/www.mixtuur.com\/digitaal-kerkorgel\/\" \/>\n<meta property=\"og:site_name\" content=\"Mixtuur\" \/>\n<meta property=\"article:modified_time\" content=\"2022-11-14T11:28:53+00:00\" \/>\n<meta name=\"twitter:card\" content=\"summary_large_image\" \/>\n<meta name=\"twitter:label1\" content=\"Gesch\u00e4tzte Lesezeit\" \/>\n\t<meta name=\"twitter:data1\" content=\"2\u00a0Minuten\" \/>\n<script type=\"application\/ld+json\" class=\"yoast-schema-graph\">{\"@context\":\"https:\/\/schema.org\",\"@graph\":[{\"@type\":\"WebPage\",\"@id\":\"https:\/\/www.mixtuur.com\/digitaal-kerkorgel\/\",\"url\":\"https:\/\/www.mixtuur.com\/digitaal-kerkorgel\/\",\"name\":\"Entdecken Sie die M\u00f6glichkeiten einer digitalen Kirchenorgel\",\"isPartOf\":{\"@id\":\"https:\/\/www.mixtuur.com\/#website\"},\"datePublished\":\"2022-03-24T14:29:32+00:00\",\"dateModified\":\"2022-11-14T11:28:53+00:00\",\"description\":\"Eine digitale Kirchenorgel mit Hauptwerk ist nicht mehr von einer traditionellen Pfeifenorgel zu unterscheiden. Auch als Erg\u00e4nzung zu Ihrer jetzigen Orgel m\u00f6glich.\",\"breadcrumb\":{\"@id\":\"https:\/\/www.mixtuur.com\/digitaal-kerkorgel\/#breadcrumb\"},\"inLanguage\":\"de\",\"potentialAction\":[{\"@type\":\"ReadAction\",\"target\":[\"https:\/\/www.mixtuur.com\/digitaal-kerkorgel\/\"]}]},{\"@type\":\"BreadcrumbList\",\"@id\":\"https:\/\/www.mixtuur.com\/digitaal-kerkorgel\/#breadcrumb\",\"itemListElement\":[{\"@type\":\"ListItem\",\"position\":1,\"name\":\"Home\",\"item\":\"https:\/\/www.mixtuur.com\/de\/\"},{\"@type\":\"ListItem\",\"position\":2,\"name\":\"Digitale Kirchenorgel\"}]},{\"@type\":\"WebSite\",\"@id\":\"https:\/\/www.mixtuur.com\/#website\",\"url\":\"https:\/\/www.mixtuur.com\/\",\"name\":\"Mixtuur\",\"description\":\"The Authentic Sound\",\"potentialAction\":[{\"@type\":\"SearchAction\",\"target\":{\"@type\":\"EntryPoint\",\"urlTemplate\":\"https:\/\/www.mixtuur.com\/?s={search_term_string}\"},\"query-input\":{\"@type\":\"PropertyValueSpecification\",\"valueRequired\":true,\"valueName\":\"search_term_string\"}}],\"inLanguage\":\"de\"}]}<\/script>\n<!-- \/ Yoast SEO plugin. -->","yoast_head_json":{"title":"Entdecken Sie die M\u00f6glichkeiten einer digitalen Kirchenorgel","description":"Eine digitale Kirchenorgel mit Hauptwerk ist nicht mehr von einer traditionellen Pfeifenorgel zu unterscheiden. Auch als Erg\u00e4nzung zu Ihrer jetzigen Orgel m\u00f6glich.","robots":{"index":"index","follow":"follow","max-snippet":"max-snippet:-1","max-image-preview":"max-image-preview:large","max-video-preview":"max-video-preview:-1"},"canonical":"https:\/\/www.mixtuur.com\/digitaal-kerkorgel\/","og_locale":"de_DE","og_type":"article","og_title":"Entdecken Sie die M\u00f6glichkeiten einer digitalen Kirchenorgel","og_description":"Eine digitale Kirchenorgel mit Hauptwerk ist nicht mehr von einer traditionellen Pfeifenorgel zu unterscheiden. Auch als Erg\u00e4nzung zu Ihrer jetzigen Orgel m\u00f6glich.","og_url":"https:\/\/www.mixtuur.com\/digitaal-kerkorgel\/","og_site_name":"Mixtuur","article_modified_time":"2022-11-14T11:28:53+00:00","twitter_card":"summary_large_image","twitter_misc":{"Gesch\u00e4tzte Lesezeit":"2\u00a0Minuten"},"schema":{"@context":"https:\/\/schema.org","@graph":[{"@type":"WebPage","@id":"https:\/\/www.mixtuur.com\/digitaal-kerkorgel\/","url":"https:\/\/www.mixtuur.com\/digitaal-kerkorgel\/","name":"Entdecken Sie die M\u00f6glichkeiten einer digitalen Kirchenorgel","isPartOf":{"@id":"https:\/\/www.mixtuur.com\/#website"},"datePublished":"2022-03-24T14:29:32+00:00","dateModified":"2022-11-14T11:28:53+00:00","description":"Eine digitale Kirchenorgel mit Hauptwerk ist nicht mehr von einer traditionellen Pfeifenorgel zu unterscheiden. Auch als Erg\u00e4nzung zu Ihrer jetzigen Orgel m\u00f6glich.","breadcrumb":{"@id":"https:\/\/www.mixtuur.com\/digitaal-kerkorgel\/#breadcrumb"},"inLanguage":"de","potentialAction":[{"@type":"ReadAction","target":["https:\/\/www.mixtuur.com\/digitaal-kerkorgel\/"]}]},{"@type":"BreadcrumbList","@id":"https:\/\/www.mixtuur.com\/digitaal-kerkorgel\/#breadcrumb","itemListElement":[{"@type":"ListItem","position":1,"name":"Home","item":"https:\/\/www.mixtuur.com\/de\/"},{"@type":"ListItem","position":2,"name":"Digitale Kirchenorgel"}]},{"@type":"WebSite","@id":"https:\/\/www.mixtuur.com\/#website","url":"https:\/\/www.mixtuur.com\/","name":"Mixtuur","description":"The Authentic Sound","potentialAction":[{"@type":"SearchAction","target":{"@type":"EntryPoint","urlTemplate":"https:\/\/www.mixtuur.com\/?s={search_term_string}"},"query-input":{"@type":"PropertyValueSpecification","valueRequired":true,"valueName":"search_term_string"}}],"inLanguage":"de"}]}},"_links":{"self":[{"href":"https:\/\/www.mixtuur.com\/de\/wp-json\/wp\/v2\/pages\/11235","targetHints":{"allow":["GET"]}}],"collection":[{"href":"https:\/\/www.mixtuur.com\/de\/wp-json\/wp\/v2\/pages"}],"about":[{"href":"https:\/\/www.mixtuur.com\/de\/wp-json\/wp\/v2\/types\/page"}],"author":[{"embeddable":true,"href":"https:\/\/www.mixtuur.com\/de\/wp-json\/wp\/v2\/users\/17"}],"replies":[{"embeddable":true,"href":"https:\/\/www.mixtuur.com\/de\/wp-json\/wp\/v2\/comments?post=11235"}],"version-history":[{"count":3,"href":"https:\/\/www.mixtuur.com\/de\/wp-json\/wp\/v2\/pages\/11235\/revisions"}],"predecessor-version":[{"id":25505,"href":"https:\/\/www.mixtuur.com\/de\/wp-json\/wp\/v2\/pages\/11235\/revisions\/25505"}],"wp:attachment":[{"href":"https:\/\/www.mixtuur.com\/de\/wp-json\/wp\/v2\/media?parent=11235"}],"curies":[{"name":"wp","href":"https:\/\/api.w.org\/{rel}","templated":true}]}}