{"id":10764,"date":"2022-02-14T15:49:53","date_gmt":"2022-02-14T14:49:53","guid":{"rendered":"https:\/\/www.mixtuur.com\/?page_id=10764"},"modified":"2022-02-14T15:49:53","modified_gmt":"2022-02-14T14:49:53","slug":"kirchenorgel-kaufen","status":"publish","type":"page","link":"https:\/\/www.mixtuur.com\/de\/kirchenorgel-kaufen\/","title":{"rendered":"Kirchenorgel kaufen"},"content":{"rendered":"<h1>Kirchenorgel kaufen<\/h1>\n<p><strong>Muss Ihre alte Kirchenorgel ausgetauscht werden? Oder wollen Sie eine neue Gemeinde gr\u00fcnden? Diese Tipps werden Ihnen beim Kauf einer neuen Kirchenorgel helfen.<\/strong><\/p>\n<p><a href=\"https:\/\/www.mixtuur.com\/wp-content\/uploads\/2020\/05\/kerkorgel-te-koop.jpg\"><img loading=\"lazy\" decoding=\"async\" class=\"alignnone wp-image-8277 size-full\" src=\"https:\/\/www.mixtuur.com\/wp-content\/uploads\/2020\/05\/kerkorgel-te-koop.jpg\" alt=\"Kirchenorgel kaufen\" width=\"1030\" height=\"687\" srcset=\"https:\/\/www.mixtuur.com\/wp-content\/uploads\/2020\/05\/kerkorgel-te-koop.jpg 1030w, https:\/\/www.mixtuur.com\/wp-content\/uploads\/2020\/05\/kerkorgel-te-koop-300x200.jpg 300w, https:\/\/www.mixtuur.com\/wp-content\/uploads\/2020\/05\/kerkorgel-te-koop-768x512.jpg 768w, https:\/\/www.mixtuur.com\/wp-content\/uploads\/2020\/05\/kerkorgel-te-koop-705x470.jpg 705w, https:\/\/www.mixtuur.com\/wp-content\/uploads\/2020\/05\/kerkorgel-te-koop-450x300.jpg 450w\" sizes=\"auto, (max-width: 1030px) 100vw, 1030px\" \/><\/a><\/p>\n<h4>1. Neue Pfeifenorgel, gebrauchte Pfeifenorgel oder virtuelle Orgel?<\/h4>\n<p>In vielen alten Kirchen befinden sich wundersch\u00f6ne Pfeifenorgeln. Eine Pfeifenorgel sieht sch\u00f6n aus und klingt oft auch sehr sch\u00f6n. Wenn Sie eine gro\u00dfe Gemeinde haben, bietet sich beispielsweise eine Pfeifenorgel an. Eine solche Orgel wird von Hand gefertigt. Bedenken Sie, dass eine Orgel aus Hunderten von unterschiedlichenTeilen besteht.<\/p>\n<p>Eine g\u00fcnstigere Alternative ist eine gebrauchte Pfeifenorgel. Wussten Sie, dass Sie viele alte Pfeifenorgeln zum Beispiel bei Markt finden?. Oder \u00fcbernehmen Sie die alte Orgel einer befreundeten Gemeinde.<\/p>\n<p>Es gibt aber auch immer mehr Kirchen, die sich f\u00fcr eine virtuelle Orgel entscheiden, zum Beispiel eine Hauptwerk-Orgel von Mixtuur. Wenn die Orgel in einer flexiblen Audioanlage aufgestellt werden kann, wird nicht viel Platz ben\u00f6tigt.<\/p>\n<h4>2. Oder vielleicht doch eine Hybridorgel?<\/h4>\n<p>F\u00fcr Gemeinden, die bereits eine Pfeifenorgel besitzen, aber auf eine digitale Orgel von Mixtuur umsteigen m\u00f6chten, gibt es eine weitere Alternative. Es ist m\u00f6glich, eine Hybridorgel herzustellen. In diesem Fall wird eine Kombination aus der bestehenden Pfeifenorgel und einer digitalen Orgel von Mixtuur gebaut.<\/p>\n<h3>3. Was f\u00fcr einen Klang? Und wie viele Stimmen?<\/h3>\n<p>Jede Orgel hat ihren eigenen Klang. Ein gutes Beispiel ist eine Hammondorgel. Stimmt die Klangfarbe? Und wie viele Stimmen sollte eine Orgel haben? Der Vorteil einer virtuellen Orgel ist, dass Sie Samples von Hunderten von verschiedenen Orgeln herunterladen k\u00f6nnen, wodurch Sie leicht wechseln k\u00f6nnen.<\/p>\n<h4>4. Denken Sie \u00fcber das Design nach<\/h4>\n<p>Gibt es in der Kirche genug Platz f\u00fcr eine sch\u00f6ne Orgel? Dann denken Sie auch an das Design. Bevorzugen Sie eine klassische Ausf\u00fchrung oder soll sich die Orgel in die moderne Umgebung einf\u00fcgen?. Besprechen Sie Ihre W\u00fcnsche mit dem Orgelbauer.<\/p>\n<h4>5. Bestandsaufnahme: Was will die Gemeinde?<\/h4>\n<p>Treffen Sie die Entscheidung nicht nur im aktuellen Kirchenvorstand, sondern beziehen Sie auch die Gemeindemitglieder in die Suche nach einer neuen Orgel ein. Letztlich beteiligen sich nat\u00fcrlich auch die Gemeindemitglieder an den Kosten f\u00fcr die neue Kirchenorgel. Organisieren Sie einen Informationstag, an dem die verschiedenen Orgeln vorgestellt werden.<\/p>\n<h4>6. Fragen Sie den Organistent<\/h4>\n<p>Noch wichtiger ist es, den Organisten zu fragen. Welche Art von Orgel spielt er oder sie am liebsten? Einige Organisten spielen lieber auf einer Pfeifenorgel, w\u00e4hrend andere Hauptwerk-Liebhaber sind&#8230;<\/p>\n<h4>7. &#8230;ist die Zeit reif f\u00fcr einen Test!<\/h4>\n<p>Lassen Sie den Organisten in andere Kirchen gehen, um die dortigen Orgeln zu testen. Pfeifenorgeln sind in fast jedem Dorf oder jeder Stadt zu finden. In Wijngaarden, Sliedrecht, Oldebroek, Nieuwe-Tonge, Delft und vielen anderen St\u00e4dten sind Kirchenorgeln von Mixtuur zu finden.<\/p>\n<h4>8. Behalten Sie das Budget im Augen<\/h4>\n<p>Wird das Budget \u00fcberschritten? Dann informieren Sie die Gemeindemitglieder rechtzeitig und f\u00fchren Sie zum Beispiel eine Sondersammlung in der Kirche durch. Die Gemeindemitglieder werden f\u00fcr die Realisierung der neuen Orgel zweifelsohne zus\u00e4tzliche Mittel bereitstellen. Organisieren Sie zum Beispiel einen Flohmarkt oder ein Konzert.<\/p>\n<h4>9. Und fragen Sie ruhig weiter!<\/h4>\n<p>Wenden Sie sich an einen Mitarbeiter von Mixtuur Orgels. Wir besuchen Sie gerne und besprechen mit Ihnen die M\u00f6glichkeiten, damit Sie eine gute Entscheidung treffen k\u00f6nnen.<\/p>\n\n<div class=\"wpcf7 no-js\" id=\"wpcf7-f2990-o1\" lang=\"nl-NL\" dir=\"ltr\" data-wpcf7-id=\"2990\">\n<div class=\"screen-reader-response\"><p role=\"status\" aria-live=\"polite\" aria-atomic=\"true\"><\/p> <ul><\/ul><\/div>\n<form action=\"\/de\/wp-json\/wp\/v2\/pages\/10764#wpcf7-f2990-o1\" method=\"post\" class=\"wpcf7-form init\" aria-label=\"Contactformulier\" novalidate=\"novalidate\" data-status=\"init\">\n<fieldset class=\"hidden-fields-container\"><input type=\"hidden\" name=\"_wpcf7\" value=\"2990\" \/><input type=\"hidden\" name=\"_wpcf7_version\" value=\"6.1.5\" \/><input type=\"hidden\" name=\"_wpcf7_locale\" value=\"nl_NL\" \/><input type=\"hidden\" name=\"_wpcf7_unit_tag\" value=\"wpcf7-f2990-o1\" \/><input type=\"hidden\" name=\"_wpcf7_container_post\" value=\"0\" \/><input type=\"hidden\" name=\"_wpcf7_posted_data_hash\" value=\"\" \/><input type=\"hidden\" name=\"_wpcf7_recaptcha_response\" value=\"\" \/>\n<\/fieldset>\n<p><label> Begr\u00fc\u00dfung<br \/>\n<span class=\"wpcf7-form-control-wrap\" data-name=\"menu-229\"><select class=\"wpcf7-form-control wpcf7-select wpcf7-validates-as-required\" aria-required=\"true\" aria-invalid=\"false\" name=\"menu-229\"><option value=\"\">&#8212;Kies een optie&#8212;<\/option><option value=\"Herr\">Herr<\/option><option value=\"Frau\">Frau<\/option><\/select><\/span> <\/label><br \/>\n<label> Vorname*<br \/>\n<span class=\"wpcf7-form-control-wrap\" data-name=\"voornaam\"><input size=\"40\" maxlength=\"400\" class=\"wpcf7-form-control wpcf7-text wpcf7-validates-as-required\" aria-required=\"true\" aria-invalid=\"false\" value=\"\" type=\"text\" name=\"voornaam\" \/><\/span> <\/label>\n<\/p>\n<p><label> Nachname*<br \/>\n<span class=\"wpcf7-form-control-wrap\" data-name=\"achternaam\"><input size=\"40\" maxlength=\"400\" class=\"wpcf7-form-control wpcf7-text wpcf7-validates-as-required\" aria-required=\"true\" aria-invalid=\"false\" value=\"\" type=\"text\" name=\"achternaam\" \/><\/span> <\/label>\n<\/p>\n<p><label> Stra\u00dfe*<br \/>\n<span class=\"wpcf7-form-control-wrap\" data-name=\"adres\"><input size=\"40\" maxlength=\"400\" class=\"wpcf7-form-control wpcf7-text wpcf7-validates-as-required\" aria-required=\"true\" aria-invalid=\"false\" value=\"\" type=\"text\" name=\"adres\" \/><\/span> <\/label>\n<\/p>\n<p><label> Hausnummer*<br \/>\n<span class=\"wpcf7-form-control-wrap\" data-name=\"huisnummer\"><input size=\"40\" maxlength=\"400\" class=\"wpcf7-form-control wpcf7-text wpcf7-validates-as-required\" aria-required=\"true\" aria-invalid=\"false\" value=\"\" type=\"text\" name=\"huisnummer\" \/><\/span> <\/label>\n<\/p>\n<p><label> PLZ*<br \/>\n<span class=\"wpcf7-form-control-wrap\" data-name=\"postcode\"><input size=\"40\" maxlength=\"400\" class=\"wpcf7-form-control wpcf7-text wpcf7-validates-as-required\" aria-required=\"true\" aria-invalid=\"false\" value=\"\" type=\"text\" name=\"postcode\" \/><\/span> <\/label>\n<\/p>\n<p><label> Ort*<br \/>\n<span class=\"wpcf7-form-control-wrap\" data-name=\"plaats\"><input size=\"40\" maxlength=\"400\" class=\"wpcf7-form-control wpcf7-text wpcf7-validates-as-required\" aria-required=\"true\" aria-invalid=\"false\" value=\"\" type=\"text\" name=\"plaats\" \/><\/span> <\/label>\n<\/p>\n<p><label> Land*<br \/>\n<span class=\"wpcf7-form-control-wrap\" data-name=\"land\"><input size=\"40\" maxlength=\"400\" class=\"wpcf7-form-control wpcf7-text wpcf7-validates-as-required\" aria-required=\"true\" aria-invalid=\"false\" value=\"Deutschland\" type=\"text\" name=\"land\" \/><\/span> <\/label>\n<\/p>\n<p><label> E-Mail-Adresse* (Hier erhalten Sie die Brosch\u00fcre)<br \/>\n<span class=\"wpcf7-form-control-wrap\" data-name=\"your-email\"><input size=\"40\" maxlength=\"400\" class=\"wpcf7-form-control wpcf7-email wpcf7-validates-as-required wpcf7-text wpcf7-validates-as-email\" aria-required=\"true\" aria-invalid=\"false\" value=\"\" type=\"email\" name=\"your-email\" \/><\/span> <\/label>\n<\/p>\n<p><label> Telefonnummer<br \/>\n<span class=\"wpcf7-form-control-wrap\" data-name=\"tel-251\"><input size=\"40\" maxlength=\"400\" class=\"wpcf7-form-control wpcf7-tel wpcf7-text wpcf7-validates-as-tel\" aria-invalid=\"false\" value=\"\" type=\"tel\" name=\"tel-251\" \/><\/span> <\/label>\n<\/p>\n<p>Ich bin interessiert an:<br \/>\n<span class=\"wpcf7-form-control-wrap\" data-name=\"checkbox-232\"><span class=\"wpcf7-form-control wpcf7-checkbox wpcf7-validates-as-required\"><span class=\"wpcf7-list-item first\"><input type=\"checkbox\" name=\"checkbox-232[]\" value=\"Intrada III Progresso\" \/><span class=\"wpcf7-list-item-label\">Intrada III Progresso<\/span><\/span><span class=\"wpcf7-list-item\"><input type=\"checkbox\" name=\"checkbox-232[]\" value=\"Fortissimo\" \/><span class=\"wpcf7-list-item-label\">Fortissimo<\/span><\/span><span class=\"wpcf7-list-item\"><input type=\"checkbox\" name=\"checkbox-232[]\" value=\"Exclusivo\" \/><span class=\"wpcf7-list-item-label\">Exclusivo<\/span><\/span><span class=\"wpcf7-list-item\"><input type=\"checkbox\" name=\"checkbox-232[]\" value=\"Positief\" \/><span class=\"wpcf7-list-item-label\">Positief<\/span><\/span><span class=\"wpcf7-list-item\"><input type=\"checkbox\" name=\"checkbox-232[]\" value=\"Kabinet Exclusief\" \/><span class=\"wpcf7-list-item-label\">Kabinet Exclusief<\/span><\/span><span class=\"wpcf7-list-item\"><input type=\"checkbox\" name=\"checkbox-232[]\" value=\"Maestro\" \/><span class=\"wpcf7-list-item-label\">Maestro<\/span><\/span><span class=\"wpcf7-list-item\"><input type=\"checkbox\" name=\"checkbox-232[]\" value=\"Duett III\" \/><span class=\"wpcf7-list-item-label\">Duett III<\/span><\/span><span class=\"wpcf7-list-item\"><input type=\"checkbox\" name=\"checkbox-232[]\" value=\"Duett III Exclusive\" \/><span class=\"wpcf7-list-item-label\">Duett III Exclusive<\/span><\/span><span class=\"wpcf7-list-item\"><input type=\"checkbox\" name=\"checkbox-232[]\" value=\"V-Touch\" \/><span class=\"wpcf7-list-item-label\">V-Touch<\/span><\/span><span class=\"wpcf7-list-item\"><input type=\"checkbox\" name=\"checkbox-232[]\" value=\"Modesto\" \/><span class=\"wpcf7-list-item-label\">Modesto<\/span><\/span><span class=\"wpcf7-list-item\"><input type=\"checkbox\" name=\"checkbox-232[]\" value=\"Klaviaturblock\" \/><span class=\"wpcf7-list-item-label\">Klaviaturblock<\/span><\/span><span class=\"wpcf7-list-item last\"><input type=\"checkbox\" name=\"checkbox-232[]\" value=\"Exclusive Design\" \/><span class=\"wpcf7-list-item-label\">Exclusive Design<\/span><\/span><\/span><\/span>\n<\/p>\n<p><span class=\"wpcf7-form-control-wrap\" data-name=\"checkbox-232\"><span class=\"wpcf7-form-control wpcf7-checkbox\"><span class=\"wpcf7-list-item first last\"><input type=\"checkbox\" name=\"checkbox-232[]\" value=\"Mit unserem Newsletter bleiben Sie immer \u00fcber die Mixtuur Orgels B.V. informiert\" \/><span class=\"wpcf7-list-item-label\">Mit unserem Newsletter bleiben Sie immer \u00fcber die Mixtuur Orgels B.V. informiert<\/span><\/span><\/span><\/span>\n<\/p>\n\n<p><input class=\"wpcf7-form-control wpcf7-submit has-spinner\" type=\"submit\" value=\"Senden\" \/>\n<\/p><div class=\"wpcf7-response-output\" aria-hidden=\"true\"><\/div>\n<\/form>\n<\/div>\n\n","protected":false},"excerpt":{"rendered":"<p>Kirchenorgel kaufen Muss Ihre alte Kirchenorgel ausgetauscht werden? Oder wollen Sie eine neue Gemeinde gr\u00fcnden? Diese Tipps werden Ihnen beim Kauf einer neuen Kirchenorgel helfen. 1. Neue Pfeifenorgel, gebrauchte Pfeifenorgel oder virtuelle Orgel? In vielen alten Kirchen befinden sich wundersch\u00f6ne Pfeifenorgeln. Eine Pfeifenorgel sieht sch\u00f6n aus und klingt oft auch sehr sch\u00f6n. Wenn Sie eine [&hellip;]<\/p>\n","protected":false},"author":17,"featured_media":0,"parent":0,"menu_order":0,"comment_status":"closed","ping_status":"closed","template":"","meta":{"footnotes":""},"class_list":["post-10764","page","type-page","status-publish","hentry"],"yoast_head":"<!-- This site is optimized with the Yoast SEO plugin v25.5 - https:\/\/yoast.com\/wordpress\/plugins\/seo\/ -->\n<title>Die perfekte Kirchenorgel kaufen: 9 wichtige Tipps<\/title>\n<meta name=\"description\" content=\"Muss Ihre alte Kirchenorgel ausgetauscht werden? Oder wollen Sie eine neue Gemeinde gr\u00fcnden? Diese Tipps werden Ihnen beim Kauf einer neuen Kirchenorgel helfen.\" \/>\n<meta name=\"robots\" content=\"index, follow, max-snippet:-1, max-image-preview:large, max-video-preview:-1\" \/>\n<link rel=\"canonical\" href=\"https:\/\/www.mixtuur.com\/de\/kirchenorgel-kaufen\/\" \/>\n<meta property=\"og:locale\" content=\"de_DE\" \/>\n<meta property=\"og:type\" content=\"article\" \/>\n<meta property=\"og:title\" content=\"Die perfekte Kirchenorgel kaufen: 9 wichtige Tipps\" \/>\n<meta property=\"og:description\" content=\"Muss Ihre alte Kirchenorgel ausgetauscht werden? Oder wollen Sie eine neue Gemeinde gr\u00fcnden? Diese Tipps werden Ihnen beim Kauf einer neuen Kirchenorgel helfen.\" \/>\n<meta property=\"og:url\" content=\"https:\/\/www.mixtuur.com\/de\/kirchenorgel-kaufen\/\" \/>\n<meta property=\"og:site_name\" content=\"Mixtuur\" \/>\n<meta property=\"og:image\" content=\"https:\/\/www.mixtuur.com\/wordpress\/wp-content\/uploads\/2020\/05\/kerkorgel-te-koop.jpg\" \/>\n<meta name=\"twitter:card\" content=\"summary_large_image\" \/>\n<meta name=\"twitter:label1\" content=\"Gesch\u00e4tzte Lesezeit\" \/>\n\t<meta name=\"twitter:data1\" content=\"3\u00a0Minuten\" \/>\n<script type=\"application\/ld+json\" class=\"yoast-schema-graph\">{\"@context\":\"https:\/\/schema.org\",\"@graph\":[{\"@type\":\"WebPage\",\"@id\":\"https:\/\/www.mixtuur.com\/de\/kirchenorgel-kaufen\/\",\"url\":\"https:\/\/www.mixtuur.com\/de\/kirchenorgel-kaufen\/\",\"name\":\"Die perfekte Kirchenorgel kaufen: 9 wichtige Tipps\",\"isPartOf\":{\"@id\":\"https:\/\/www.mixtuur.com\/#website\"},\"primaryImageOfPage\":{\"@id\":\"https:\/\/www.mixtuur.com\/de\/kirchenorgel-kaufen\/#primaryimage\"},\"image\":{\"@id\":\"https:\/\/www.mixtuur.com\/de\/kirchenorgel-kaufen\/#primaryimage\"},\"thumbnailUrl\":\"https:\/\/www.mixtuur.com\/wp-content\/uploads\/2020\/05\/kerkorgel-te-koop.jpg\",\"datePublished\":\"2022-02-14T14:49:53+00:00\",\"description\":\"Muss Ihre alte Kirchenorgel ausgetauscht werden? Oder wollen Sie eine neue Gemeinde gr\u00fcnden? Diese Tipps werden Ihnen beim Kauf einer neuen Kirchenorgel helfen.\",\"breadcrumb\":{\"@id\":\"https:\/\/www.mixtuur.com\/de\/kirchenorgel-kaufen\/#breadcrumb\"},\"inLanguage\":\"de\",\"potentialAction\":[{\"@type\":\"ReadAction\",\"target\":[\"https:\/\/www.mixtuur.com\/de\/kirchenorgel-kaufen\/\"]}]},{\"@type\":\"ImageObject\",\"inLanguage\":\"de\",\"@id\":\"https:\/\/www.mixtuur.com\/de\/kirchenorgel-kaufen\/#primaryimage\",\"url\":\"https:\/\/www.mixtuur.com\/wp-content\/uploads\/2020\/05\/kerkorgel-te-koop.jpg\",\"contentUrl\":\"https:\/\/www.mixtuur.com\/wp-content\/uploads\/2020\/05\/kerkorgel-te-koop.jpg\"},{\"@type\":\"BreadcrumbList\",\"@id\":\"https:\/\/www.mixtuur.com\/de\/kirchenorgel-kaufen\/#breadcrumb\",\"itemListElement\":[{\"@type\":\"ListItem\",\"position\":1,\"name\":\"Home\",\"item\":\"https:\/\/www.mixtuur.com\/de\/\"},{\"@type\":\"ListItem\",\"position\":2,\"name\":\"Kirchenorgel kaufen\"}]},{\"@type\":\"WebSite\",\"@id\":\"https:\/\/www.mixtuur.com\/#website\",\"url\":\"https:\/\/www.mixtuur.com\/\",\"name\":\"Mixtuur\",\"description\":\"The Authentic Sound\",\"potentialAction\":[{\"@type\":\"SearchAction\",\"target\":{\"@type\":\"EntryPoint\",\"urlTemplate\":\"https:\/\/www.mixtuur.com\/?s={search_term_string}\"},\"query-input\":{\"@type\":\"PropertyValueSpecification\",\"valueRequired\":true,\"valueName\":\"search_term_string\"}}],\"inLanguage\":\"de\"}]}<\/script>\n<!-- \/ Yoast SEO plugin. -->","yoast_head_json":{"title":"Die perfekte Kirchenorgel kaufen: 9 wichtige Tipps","description":"Muss Ihre alte Kirchenorgel ausgetauscht werden? Oder wollen Sie eine neue Gemeinde gr\u00fcnden? Diese Tipps werden Ihnen beim Kauf einer neuen Kirchenorgel helfen.","robots":{"index":"index","follow":"follow","max-snippet":"max-snippet:-1","max-image-preview":"max-image-preview:large","max-video-preview":"max-video-preview:-1"},"canonical":"https:\/\/www.mixtuur.com\/de\/kirchenorgel-kaufen\/","og_locale":"de_DE","og_type":"article","og_title":"Die perfekte Kirchenorgel kaufen: 9 wichtige Tipps","og_description":"Muss Ihre alte Kirchenorgel ausgetauscht werden? Oder wollen Sie eine neue Gemeinde gr\u00fcnden? Diese Tipps werden Ihnen beim Kauf einer neuen Kirchenorgel helfen.","og_url":"https:\/\/www.mixtuur.com\/de\/kirchenorgel-kaufen\/","og_site_name":"Mixtuur","og_image":[{"url":"https:\/\/www.mixtuur.com\/wordpress\/wp-content\/uploads\/2020\/05\/kerkorgel-te-koop.jpg","type":"","width":"","height":""}],"twitter_card":"summary_large_image","twitter_misc":{"Gesch\u00e4tzte Lesezeit":"3\u00a0Minuten"},"schema":{"@context":"https:\/\/schema.org","@graph":[{"@type":"WebPage","@id":"https:\/\/www.mixtuur.com\/de\/kirchenorgel-kaufen\/","url":"https:\/\/www.mixtuur.com\/de\/kirchenorgel-kaufen\/","name":"Die perfekte Kirchenorgel kaufen: 9 wichtige Tipps","isPartOf":{"@id":"https:\/\/www.mixtuur.com\/#website"},"primaryImageOfPage":{"@id":"https:\/\/www.mixtuur.com\/de\/kirchenorgel-kaufen\/#primaryimage"},"image":{"@id":"https:\/\/www.mixtuur.com\/de\/kirchenorgel-kaufen\/#primaryimage"},"thumbnailUrl":"https:\/\/www.mixtuur.com\/wp-content\/uploads\/2020\/05\/kerkorgel-te-koop.jpg","datePublished":"2022-02-14T14:49:53+00:00","description":"Muss Ihre alte Kirchenorgel ausgetauscht werden? Oder wollen Sie eine neue Gemeinde gr\u00fcnden? Diese Tipps werden Ihnen beim Kauf einer neuen Kirchenorgel helfen.","breadcrumb":{"@id":"https:\/\/www.mixtuur.com\/de\/kirchenorgel-kaufen\/#breadcrumb"},"inLanguage":"de","potentialAction":[{"@type":"ReadAction","target":["https:\/\/www.mixtuur.com\/de\/kirchenorgel-kaufen\/"]}]},{"@type":"ImageObject","inLanguage":"de","@id":"https:\/\/www.mixtuur.com\/de\/kirchenorgel-kaufen\/#primaryimage","url":"https:\/\/www.mixtuur.com\/wp-content\/uploads\/2020\/05\/kerkorgel-te-koop.jpg","contentUrl":"https:\/\/www.mixtuur.com\/wp-content\/uploads\/2020\/05\/kerkorgel-te-koop.jpg"},{"@type":"BreadcrumbList","@id":"https:\/\/www.mixtuur.com\/de\/kirchenorgel-kaufen\/#breadcrumb","itemListElement":[{"@type":"ListItem","position":1,"name":"Home","item":"https:\/\/www.mixtuur.com\/de\/"},{"@type":"ListItem","position":2,"name":"Kirchenorgel kaufen"}]},{"@type":"WebSite","@id":"https:\/\/www.mixtuur.com\/#website","url":"https:\/\/www.mixtuur.com\/","name":"Mixtuur","description":"The Authentic Sound","potentialAction":[{"@type":"SearchAction","target":{"@type":"EntryPoint","urlTemplate":"https:\/\/www.mixtuur.com\/?s={search_term_string}"},"query-input":{"@type":"PropertyValueSpecification","valueRequired":true,"valueName":"search_term_string"}}],"inLanguage":"de"}]}},"_links":{"self":[{"href":"https:\/\/www.mixtuur.com\/de\/wp-json\/wp\/v2\/pages\/10764","targetHints":{"allow":["GET"]}}],"collection":[{"href":"https:\/\/www.mixtuur.com\/de\/wp-json\/wp\/v2\/pages"}],"about":[{"href":"https:\/\/www.mixtuur.com\/de\/wp-json\/wp\/v2\/types\/page"}],"author":[{"embeddable":true,"href":"https:\/\/www.mixtuur.com\/de\/wp-json\/wp\/v2\/users\/17"}],"replies":[{"embeddable":true,"href":"https:\/\/www.mixtuur.com\/de\/wp-json\/wp\/v2\/comments?post=10764"}],"version-history":[{"count":3,"href":"https:\/\/www.mixtuur.com\/de\/wp-json\/wp\/v2\/pages\/10764\/revisions"}],"predecessor-version":[{"id":10767,"href":"https:\/\/www.mixtuur.com\/de\/wp-json\/wp\/v2\/pages\/10764\/revisions\/10767"}],"wp:attachment":[{"href":"https:\/\/www.mixtuur.com\/de\/wp-json\/wp\/v2\/media?parent=10764"}],"curies":[{"name":"wp","href":"https:\/\/api.w.org\/{rel}","templated":true}]}}