{"id":10759,"date":"2022-02-14T15:41:19","date_gmt":"2022-02-14T14:41:19","guid":{"rendered":"https:\/\/www.mixtuur.com\/?page_id=10759"},"modified":"2022-11-14T12:26:23","modified_gmt":"2022-11-14T11:26:23","slug":"midi-orgel-kaufen","status":"publish","type":"page","link":"https:\/\/www.mixtuur.com\/de\/midi-orgel-kaufen\/","title":{"rendered":"Midi-Orgel kaufen"},"content":{"rendered":"<h1>Midi-Orgel kaufen<\/h1>\n<p><strong>M\u00f6chten Sie gerne eine Orgel in Ihrem Wohnzimmer haben? Dann entscheiden Sie sich f\u00fcr eine Midi-Orgel von Mixtuur. Unsere Orgeln sind mit der Technologie von Hauptwerk ausgestattet. Auf diese Weise k\u00f6nnen Sie den Klang bekannter Orgeln in Ihren eigenen vier W\u00e4nden erleben.<\/strong><\/p>\n<h2>Was ist eine Midi-Orgel?<\/h2>\n<p>Eine Midi-Orgel ist eine Orgel, die mit der Technologie von Hauptwerk ausgestattet ist. Diese Software ist eine wunderbare Erg\u00e4nzung f\u00fcr Ihre Orgel. Das auf Midi basierende Programm besteht aus mehreren Sample-Sets. Diese Sample-Sets bestehen aus Aufnahmen tausender verschiedener, bekannter Orgeln. Damit wird der Klang jeder einzelnen Pfeife aufgezeichnet, vom Anschlagen der Pfeife bis zum Ausklingen des Tons. Dadurch kann eine Midi-Orgel einen \u00e4u\u00dferst realistischen Klang erzeugen.<\/p>\n<p><a href=\"https:\/\/www.mixtuur.com\/wp-content\/uploads\/2015\/10\/foto_unit-ed.nl-9944-1.jpg\"><img loading=\"lazy\" decoding=\"async\" class=\"alignnone wp-image-4166 size-large\" src=\"https:\/\/www.mixtuur.com\/wp-content\/uploads\/2015\/10\/foto_unit-ed.nl-9944-1-1030x687.jpg\" alt=\"Midi-Orgel kaufen\" width=\"1030\" height=\"687\" srcset=\"https:\/\/www.mixtuur.com\/wp-content\/uploads\/2015\/10\/foto_unit-ed.nl-9944-1-1030x687.jpg 1030w, https:\/\/www.mixtuur.com\/wp-content\/uploads\/2015\/10\/foto_unit-ed.nl-9944-1-300x200.jpg 300w, https:\/\/www.mixtuur.com\/wp-content\/uploads\/2015\/10\/foto_unit-ed.nl-9944-1-768x512.jpg 768w, https:\/\/www.mixtuur.com\/wp-content\/uploads\/2015\/10\/foto_unit-ed.nl-9944-1-1500x1000.jpg 1500w, https:\/\/www.mixtuur.com\/wp-content\/uploads\/2015\/10\/foto_unit-ed.nl-9944-1-705x470.jpg 705w, https:\/\/www.mixtuur.com\/wp-content\/uploads\/2015\/10\/foto_unit-ed.nl-9944-1-450x300.jpg 450w\" sizes=\"auto, (max-width: 1030px) 100vw, 1030px\" \/><\/a><\/p>\n<h2>Die Vorteile einer Midi-Orgel<\/h2>\n<p>Eine Midi-Orgel hat viele Vorteile. Es sind verschiedene M\u00f6glichkeiten verf\u00fcgbar. Denken Sie dabei an verschiedene Audioanlagen, verschiedene Spieltische und Orgelschr\u00e4nke. Es ist eine sch\u00f6ne Erg\u00e4nzung zu Ihrer Orgel, bei der die aktuellen Stimmen der Orgel nicht verloren gehen. Die Kl\u00e4nge sind \u00fcberragend und von einer klassischen Pfeifenorgel nicht zu unterscheiden. Kurz gesagt, die M\u00f6glichkeiten einer Midi-Orgel mit Hauptwerk-Technologie sind endlos!<\/p>\n<h2>Midi-Orgel kaufen<\/h2>\n<p>Haben Sie sich f\u00fcr den Kauf einer Midi-Orgel begeistern k\u00f6nnen? Bei Mixtur k\u00f6nnen Sie eine Midi-Orgel zum besten Preis kaufen. Wir produzieren die Orgeln vollst\u00e4ndig selbst in unserer Produktionshalle in Veenendaal. Hier bauen wir Orgeln, entwickeln neue M\u00f6glichkeiten und testen neue Anwendungen. Wir arbeiten st\u00e4ndig an Innovationen im Bereich der Midi-Software, um die beste Qualit\u00e4t zu garantieren. Wir setzen auf 100%ige Zufriedenheit und bieten Ihnen Wartung und Reparatur Ihrer Orgel an. Dar\u00fcber hinaus gew\u00e4hren wir 2 Jahre Garantie auf unsere Orgeln.<\/p>\n<p>M\u00f6chten Sie mehr \u00fcber den Preis einer Orgel mit der Technologie von Hauptwerk erfahren? M\u00f6chten Sie sich beraten lassen, welche Orgel f\u00fcr Sie die beste ist? Dann fordern Sie die Brosch\u00fcre an oder nehmen Sie Kontakt mit uns auf. Sie sind auch in unserem Ausstellungsraum in Klundert herzlich willkommen.<\/p>\n\n<div class=\"wpcf7 no-js\" id=\"wpcf7-f2984-o1\" lang=\"nl-NL\" dir=\"ltr\" data-wpcf7-id=\"2984\">\n<div class=\"screen-reader-response\"><p role=\"status\" aria-live=\"polite\" aria-atomic=\"true\"><\/p> <ul><\/ul><\/div>\n<form action=\"\/de\/wp-json\/wp\/v2\/pages\/10759#wpcf7-f2984-o1\" method=\"post\" class=\"wpcf7-form init\" aria-label=\"Contactformulier\" novalidate=\"novalidate\" data-status=\"init\">\n<fieldset class=\"hidden-fields-container\"><input type=\"hidden\" name=\"_wpcf7\" value=\"2984\" \/><input type=\"hidden\" name=\"_wpcf7_version\" value=\"6.1.5\" \/><input type=\"hidden\" name=\"_wpcf7_locale\" value=\"nl_NL\" \/><input type=\"hidden\" name=\"_wpcf7_unit_tag\" value=\"wpcf7-f2984-o1\" \/><input type=\"hidden\" name=\"_wpcf7_container_post\" value=\"0\" \/><input type=\"hidden\" name=\"_wpcf7_posted_data_hash\" value=\"\" \/><input type=\"hidden\" name=\"_wpcf7_recaptcha_response\" value=\"\" \/>\n<\/fieldset>\n<p>Ihr Name (Pflichtangabe)\n<\/p>\n<p><span class=\"wpcf7-form-control-wrap\" data-name=\"your-name\"><input size=\"40\" maxlength=\"400\" class=\"wpcf7-form-control wpcf7-text wpcf7-validates-as-required\" aria-required=\"true\" aria-invalid=\"false\" value=\"\" type=\"text\" name=\"your-name\" \/><\/span>\n<\/p>\n<p>Ihre E-Mail-Adresse (Pflichtangabe)\n<\/p>\n<p><span class=\"wpcf7-form-control-wrap\" data-name=\"your-email\"><input size=\"40\" maxlength=\"400\" class=\"wpcf7-form-control wpcf7-email wpcf7-validates-as-required wpcf7-text wpcf7-validates-as-email\" aria-required=\"true\" aria-invalid=\"false\" value=\"\" type=\"email\" name=\"your-email\" \/><\/span>\n<\/p>\n<p>Telefonnummer\n<\/p>\n<p><span class=\"wpcf7-form-control-wrap\" data-name=\"tel-640\"><input size=\"40\" maxlength=\"400\" class=\"wpcf7-form-control wpcf7-tel wpcf7-text wpcf7-validates-as-tel\" aria-invalid=\"false\" value=\"\" type=\"tel\" name=\"tel-640\" \/><\/span>\n<\/p>\n<p>Betreff\n<\/p>\n<p><span class=\"wpcf7-form-control-wrap\" data-name=\"your-subject\"><input size=\"40\" maxlength=\"400\" class=\"wpcf7-form-control wpcf7-text\" aria-invalid=\"false\" value=\"\" type=\"text\" name=\"your-subject\" \/><\/span>\n<\/p>\n<p>Deine Nachricht\n<\/p>\n<p><span class=\"wpcf7-form-control-wrap\" data-name=\"your-message\"><textarea cols=\"40\" rows=\"10\" maxlength=\"2000\" class=\"wpcf7-form-control wpcf7-textarea\" aria-invalid=\"false\" name=\"your-message\"><\/textarea><\/span>\n<\/p>\n\n<p><input class=\"wpcf7-form-control wpcf7-submit has-spinner\" type=\"submit\" value=\"Senden\" \/>\n<\/p><div class=\"wpcf7-response-output\" aria-hidden=\"true\"><\/div>\n<\/form>\n<\/div>\n\n","protected":false},"excerpt":{"rendered":"<p>Midi-Orgel kaufen M\u00f6chten Sie gerne eine Orgel in Ihrem Wohnzimmer haben? Dann entscheiden Sie sich f\u00fcr eine Midi-Orgel von Mixtuur. Unsere Orgeln sind mit der Technologie von Hauptwerk ausgestattet. Auf diese Weise k\u00f6nnen Sie den Klang bekannter Orgeln in Ihren eigenen vier W\u00e4nden erleben. Was ist eine Midi-Orgel? Eine Midi-Orgel ist eine Orgel, die mit [&hellip;]<\/p>\n","protected":false},"author":17,"featured_media":0,"parent":0,"menu_order":0,"comment_status":"closed","ping_status":"closed","template":"","meta":{"footnotes":""},"class_list":["post-10759","page","type-page","status-publish","hentry"],"yoast_head":"<!-- This site is optimized with the Yoast SEO plugin v25.5 - https:\/\/yoast.com\/wordpress\/plugins\/seo\/ -->\n<title>Midi-Orgel - Eine Mixtuur-Orgel mit Hauptwerk-Software<\/title>\n<meta name=\"description\" content=\"M\u00f6chten Sie gerne eine Orgel in Ihrem Wohnzimmer haben? Dann entscheiden Sie sich f\u00fcr eine Midi-Orgel von Mixtuur. Unsere Orgeln sind mit der Technologie von Hauptwerk ausgestattet.\" \/>\n<meta name=\"robots\" content=\"index, follow, max-snippet:-1, max-image-preview:large, max-video-preview:-1\" \/>\n<link rel=\"canonical\" href=\"https:\/\/www.mixtuur.com\/midi-orgel-kopen\/\" \/>\n<meta property=\"og:locale\" content=\"de_DE\" \/>\n<meta property=\"og:type\" content=\"article\" \/>\n<meta property=\"og:title\" content=\"Midi-Orgel - Eine Mixtuur-Orgel mit Hauptwerk-Software\" \/>\n<meta property=\"og:description\" content=\"M\u00f6chten Sie gerne eine Orgel in Ihrem Wohnzimmer haben? Dann entscheiden Sie sich f\u00fcr eine Midi-Orgel von Mixtuur. Unsere Orgeln sind mit der Technologie von Hauptwerk ausgestattet.\" \/>\n<meta property=\"og:url\" content=\"https:\/\/www.mixtuur.com\/midi-orgel-kopen\/\" \/>\n<meta property=\"og:site_name\" content=\"Mixtuur\" \/>\n<meta property=\"article:modified_time\" content=\"2022-11-14T11:26:23+00:00\" \/>\n<meta property=\"og:image\" content=\"https:\/\/www.mixtuur.com\/wordpress\/wp-content\/uploads\/2015\/10\/foto_unit-ed.nl-9944-1-1030x687.jpg\" \/>\n<meta name=\"twitter:card\" content=\"summary_large_image\" \/>\n<meta name=\"twitter:label1\" content=\"Gesch\u00e4tzte Lesezeit\" \/>\n\t<meta name=\"twitter:data1\" content=\"2\u00a0Minuten\" \/>\n<script type=\"application\/ld+json\" class=\"yoast-schema-graph\">{\"@context\":\"https:\/\/schema.org\",\"@graph\":[{\"@type\":\"WebPage\",\"@id\":\"https:\/\/www.mixtuur.com\/midi-orgel-kopen\/\",\"url\":\"https:\/\/www.mixtuur.com\/midi-orgel-kopen\/\",\"name\":\"Midi-Orgel - Eine Mixtuur-Orgel mit Hauptwerk-Software\",\"isPartOf\":{\"@id\":\"https:\/\/www.mixtuur.com\/#website\"},\"primaryImageOfPage\":{\"@id\":\"https:\/\/www.mixtuur.com\/midi-orgel-kopen\/#primaryimage\"},\"image\":{\"@id\":\"https:\/\/www.mixtuur.com\/midi-orgel-kopen\/#primaryimage\"},\"thumbnailUrl\":\"https:\/\/www.mixtuur.com\/wp-content\/uploads\/2015\/10\/foto_unit-ed.nl-9944-1-1030x687.jpg\",\"datePublished\":\"2022-02-14T14:41:19+00:00\",\"dateModified\":\"2022-11-14T11:26:23+00:00\",\"description\":\"M\u00f6chten Sie gerne eine Orgel in Ihrem Wohnzimmer haben? Dann entscheiden Sie sich f\u00fcr eine Midi-Orgel von Mixtuur. Unsere Orgeln sind mit der Technologie von Hauptwerk ausgestattet.\",\"breadcrumb\":{\"@id\":\"https:\/\/www.mixtuur.com\/midi-orgel-kopen\/#breadcrumb\"},\"inLanguage\":\"de\",\"potentialAction\":[{\"@type\":\"ReadAction\",\"target\":[\"https:\/\/www.mixtuur.com\/midi-orgel-kopen\/\"]}]},{\"@type\":\"ImageObject\",\"inLanguage\":\"de\",\"@id\":\"https:\/\/www.mixtuur.com\/midi-orgel-kopen\/#primaryimage\",\"url\":\"https:\/\/www.mixtuur.com\/wp-content\/uploads\/2015\/10\/foto_unit-ed.nl-9944-1-1030x687.jpg\",\"contentUrl\":\"https:\/\/www.mixtuur.com\/wp-content\/uploads\/2015\/10\/foto_unit-ed.nl-9944-1-1030x687.jpg\"},{\"@type\":\"BreadcrumbList\",\"@id\":\"https:\/\/www.mixtuur.com\/midi-orgel-kopen\/#breadcrumb\",\"itemListElement\":[{\"@type\":\"ListItem\",\"position\":1,\"name\":\"Home\",\"item\":\"https:\/\/www.mixtuur.com\/de\/\"},{\"@type\":\"ListItem\",\"position\":2,\"name\":\"Midi-Orgel kaufen\"}]},{\"@type\":\"WebSite\",\"@id\":\"https:\/\/www.mixtuur.com\/#website\",\"url\":\"https:\/\/www.mixtuur.com\/\",\"name\":\"Mixtuur\",\"description\":\"The Authentic Sound\",\"potentialAction\":[{\"@type\":\"SearchAction\",\"target\":{\"@type\":\"EntryPoint\",\"urlTemplate\":\"https:\/\/www.mixtuur.com\/?s={search_term_string}\"},\"query-input\":{\"@type\":\"PropertyValueSpecification\",\"valueRequired\":true,\"valueName\":\"search_term_string\"}}],\"inLanguage\":\"de\"}]}<\/script>\n<!-- \/ Yoast SEO plugin. -->","yoast_head_json":{"title":"Midi-Orgel - Eine Mixtuur-Orgel mit Hauptwerk-Software","description":"M\u00f6chten Sie gerne eine Orgel in Ihrem Wohnzimmer haben? Dann entscheiden Sie sich f\u00fcr eine Midi-Orgel von Mixtuur. Unsere Orgeln sind mit der Technologie von Hauptwerk ausgestattet.","robots":{"index":"index","follow":"follow","max-snippet":"max-snippet:-1","max-image-preview":"max-image-preview:large","max-video-preview":"max-video-preview:-1"},"canonical":"https:\/\/www.mixtuur.com\/midi-orgel-kopen\/","og_locale":"de_DE","og_type":"article","og_title":"Midi-Orgel - Eine Mixtuur-Orgel mit Hauptwerk-Software","og_description":"M\u00f6chten Sie gerne eine Orgel in Ihrem Wohnzimmer haben? Dann entscheiden Sie sich f\u00fcr eine Midi-Orgel von Mixtuur. Unsere Orgeln sind mit der Technologie von Hauptwerk ausgestattet.","og_url":"https:\/\/www.mixtuur.com\/midi-orgel-kopen\/","og_site_name":"Mixtuur","article_modified_time":"2022-11-14T11:26:23+00:00","og_image":[{"url":"https:\/\/www.mixtuur.com\/wordpress\/wp-content\/uploads\/2015\/10\/foto_unit-ed.nl-9944-1-1030x687.jpg","type":"","width":"","height":""}],"twitter_card":"summary_large_image","twitter_misc":{"Gesch\u00e4tzte Lesezeit":"2\u00a0Minuten"},"schema":{"@context":"https:\/\/schema.org","@graph":[{"@type":"WebPage","@id":"https:\/\/www.mixtuur.com\/midi-orgel-kopen\/","url":"https:\/\/www.mixtuur.com\/midi-orgel-kopen\/","name":"Midi-Orgel - Eine Mixtuur-Orgel mit Hauptwerk-Software","isPartOf":{"@id":"https:\/\/www.mixtuur.com\/#website"},"primaryImageOfPage":{"@id":"https:\/\/www.mixtuur.com\/midi-orgel-kopen\/#primaryimage"},"image":{"@id":"https:\/\/www.mixtuur.com\/midi-orgel-kopen\/#primaryimage"},"thumbnailUrl":"https:\/\/www.mixtuur.com\/wp-content\/uploads\/2015\/10\/foto_unit-ed.nl-9944-1-1030x687.jpg","datePublished":"2022-02-14T14:41:19+00:00","dateModified":"2022-11-14T11:26:23+00:00","description":"M\u00f6chten Sie gerne eine Orgel in Ihrem Wohnzimmer haben? Dann entscheiden Sie sich f\u00fcr eine Midi-Orgel von Mixtuur. Unsere Orgeln sind mit der Technologie von Hauptwerk ausgestattet.","breadcrumb":{"@id":"https:\/\/www.mixtuur.com\/midi-orgel-kopen\/#breadcrumb"},"inLanguage":"de","potentialAction":[{"@type":"ReadAction","target":["https:\/\/www.mixtuur.com\/midi-orgel-kopen\/"]}]},{"@type":"ImageObject","inLanguage":"de","@id":"https:\/\/www.mixtuur.com\/midi-orgel-kopen\/#primaryimage","url":"https:\/\/www.mixtuur.com\/wp-content\/uploads\/2015\/10\/foto_unit-ed.nl-9944-1-1030x687.jpg","contentUrl":"https:\/\/www.mixtuur.com\/wp-content\/uploads\/2015\/10\/foto_unit-ed.nl-9944-1-1030x687.jpg"},{"@type":"BreadcrumbList","@id":"https:\/\/www.mixtuur.com\/midi-orgel-kopen\/#breadcrumb","itemListElement":[{"@type":"ListItem","position":1,"name":"Home","item":"https:\/\/www.mixtuur.com\/de\/"},{"@type":"ListItem","position":2,"name":"Midi-Orgel kaufen"}]},{"@type":"WebSite","@id":"https:\/\/www.mixtuur.com\/#website","url":"https:\/\/www.mixtuur.com\/","name":"Mixtuur","description":"The Authentic Sound","potentialAction":[{"@type":"SearchAction","target":{"@type":"EntryPoint","urlTemplate":"https:\/\/www.mixtuur.com\/?s={search_term_string}"},"query-input":{"@type":"PropertyValueSpecification","valueRequired":true,"valueName":"search_term_string"}}],"inLanguage":"de"}]}},"_links":{"self":[{"href":"https:\/\/www.mixtuur.com\/de\/wp-json\/wp\/v2\/pages\/10759","targetHints":{"allow":["GET"]}}],"collection":[{"href":"https:\/\/www.mixtuur.com\/de\/wp-json\/wp\/v2\/pages"}],"about":[{"href":"https:\/\/www.mixtuur.com\/de\/wp-json\/wp\/v2\/types\/page"}],"author":[{"embeddable":true,"href":"https:\/\/www.mixtuur.com\/de\/wp-json\/wp\/v2\/users\/17"}],"replies":[{"embeddable":true,"href":"https:\/\/www.mixtuur.com\/de\/wp-json\/wp\/v2\/comments?post=10759"}],"version-history":[{"count":5,"href":"https:\/\/www.mixtuur.com\/de\/wp-json\/wp\/v2\/pages\/10759\/revisions"}],"predecessor-version":[{"id":12662,"href":"https:\/\/www.mixtuur.com\/de\/wp-json\/wp\/v2\/pages\/10759\/revisions\/12662"}],"wp:attachment":[{"href":"https:\/\/www.mixtuur.com\/de\/wp-json\/wp\/v2\/media?parent=10759"}],"curies":[{"name":"wp","href":"https:\/\/api.w.org\/{rel}","templated":true}]}}