{"id":10710,"date":"2022-01-31T13:09:52","date_gmt":"2022-01-31T12:09:52","guid":{"rendered":"https:\/\/www.mixtuur.com\/?page_id=10710"},"modified":"2022-01-31T13:09:52","modified_gmt":"2022-01-31T12:09:52","slug":"orgel-kaufen","status":"publish","type":"page","link":"https:\/\/www.mixtuur.com\/de\/orgel-kaufen\/","title":{"rendered":"Orgel kaufen"},"content":{"rendered":"<h1>Orgel kaufen<\/h1>\n<p><strong>Sind Sie auf der Suche nach einer neuen Orgel f\u00fcr Ihr Wohnzimmer? Der Kauf einer Orgel ist eine gro\u00dfe Investition, darum ist es gut zu pr\u00fcfen, welche Orgel am besten zu Ihnen passt. Bei Mixtuur helfen wir Ihnen gerne beim Kauf einer Orgel und beraten Sie \u00fcber alle M\u00f6glichkeiten.<\/strong><\/p>\n<h2>Eine Orgel kaufen<\/h2>\n<p>Sind Sie unschl\u00fcssig, welche Orgel Sie kaufen sollen? Das Angebot ist heutzutage so gro\u00df! Entscheiden Sie sich f\u00fcr eine klassische Orgel mit Pfeifen? M\u00f6chten Sie lieber eine moderne digitale Orgel? M\u00f6chten Sie eine mit der Hauptwerk-Technologie ausgestattete Orgel? Welche Samplesets m\u00f6chten Sie dabei haben? Die M\u00f6glichkeiten sind endlos. Wir haben eine Reihe von Optionen f\u00fcr Sie aufgelistet.<\/p>\n<h2>Pfeifenorgel oder elektronische Orgel?<\/h2>\n<p>Eine Pfeifenorgel hat eine wundersch\u00f6ne Ausstrahlung! Dieses klassische Instrument wird vollst\u00e4ndig von Hand gefertigt und ist dementsprechend teuer. Eine elektronische oder digitale Orgel ist kompakter und relativ preiswert. Sie bieten mehr M\u00f6glichkeiten als eine Pfeifenorgel, klingen aber im Allgemeinen weniger realistisch als die tiefen Kl\u00e4nge einer echten klassischen Orgel.<\/p>\n<h2>Hauptwerk-Technologie?<\/h2>\n<p>Ihre Orgeln mit Hauptwerk auszustatten ist eine kluge Entscheidung! Dieses Softwareprogramm bietet die M\u00f6glichkeit, Sample-Sets herunterzuladen, um verschieden klingende Orgeln wiedergeben zu k\u00f6nnen. Die Samplesets haben die Pfeifent\u00f6ne der originalen Orgeln aufgenommen, so dass es so ist, als w\u00fcrden Sie eine klassische Orgel spielen. Die Kl\u00e4nge sind so realistisch, dass sie kaum von der Realit\u00e4t zu unterscheiden sind.<\/p>\n<p><a href=\"https:\/\/www.mixtuur.com\/wp-content\/uploads\/2021\/08\/20210216_151548-scaled-1.jpeg\"><img loading=\"lazy\" decoding=\"async\" class=\"alignnone wp-image-10149 size-full\" src=\"https:\/\/www.mixtuur.com\/wp-content\/uploads\/2021\/08\/20210216_151548-scaled-1.jpeg\" alt=\"Orgel kaufen\" width=\"2560\" height=\"1920\" srcset=\"https:\/\/www.mixtuur.com\/wp-content\/uploads\/2021\/08\/20210216_151548-scaled-1.jpeg 2560w, https:\/\/www.mixtuur.com\/wp-content\/uploads\/2021\/08\/20210216_151548-scaled-1-300x225.jpeg 300w, https:\/\/www.mixtuur.com\/wp-content\/uploads\/2021\/08\/20210216_151548-scaled-1-1030x773.jpeg 1030w, https:\/\/www.mixtuur.com\/wp-content\/uploads\/2021\/08\/20210216_151548-scaled-1-768x576.jpeg 768w, https:\/\/www.mixtuur.com\/wp-content\/uploads\/2021\/08\/20210216_151548-scaled-1-1536x1152.jpeg 1536w, https:\/\/www.mixtuur.com\/wp-content\/uploads\/2021\/08\/20210216_151548-scaled-1-2048x1536.jpeg 2048w, https:\/\/www.mixtuur.com\/wp-content\/uploads\/2021\/08\/20210216_151548-scaled-1-1500x1125.jpeg 1500w, https:\/\/www.mixtuur.com\/wp-content\/uploads\/2021\/08\/20210216_151548-scaled-1-705x529.jpeg 705w, https:\/\/www.mixtuur.com\/wp-content\/uploads\/2021\/08\/20210216_151548-scaled-1-450x338.jpeg 450w\" sizes=\"auto, (max-width: 2560px) 100vw, 2560px\" \/><\/a><\/p>\n<h2>Neu oder gebraucht?<\/h2>\n<p>Bei Mixtuur k\u00f6nnen Sie eine neue Orgel zu einem g\u00fcnstigen Preis kaufen. Der Preis ist nat\u00fcrlich davon abh\u00e4ngig, welche Art von Orgel Sie kaufen und mit welchen Spezifikationen Sie sie ausstatten m\u00f6chten. Wenn Sie ein Anf\u00e4nger sind und einen leichteren Einstieg bevorzugen, k\u00f6nnen Sie sich auch zun\u00e4chst nach einer gebrauchten Orgel umsehen.<\/p>\n<h2>Der Klang der Orgel<\/h2>\n<p>Jede Orgel ist einzigartig! Wir stellen die Orgeln selber her und deshalb haben sie alle ihren eigenen Klang. Es ist also gut, zu \u00fcberlegen, welche Kl\u00e4nge man haben m\u00f6chte. Beim Kauf einer Orgel, die mit der Hauptwerk-Technologie ausgestattet ist, m\u00fcssen Sie dies weniger ber\u00fccksichtigen. Der Grund daf\u00fcr ist, dass die Samplesets den Klang der Orgel bestimmen. Es gibt Sets mit Hunderten von verschiedenen Orgeln zum Herunterladen, die Sie leicht \u00e4ndern k\u00f6nnen.<\/p>\n<h2>Das Design<\/h2>\n<p>Nat\u00fcrlich will auch das Auge etwas davon haben! Daher ist auch das Design der Orgel wichtig. Wie viel Platz nimmt die Orgel ein? Welche Farbe soll die Orgel haben? Aus welchem Material soll die Orgel gefertigt sein? F\u00fcr das Design der Orgel gibt es verschiedene Optionen. Bevor Sie eine Orgel kaufen, sollten Sie sich genau \u00fcberlegen, welche W\u00fcnsche Sie in diesem Bereich haben. Bei Mixtuur k\u00f6nnen wir Ihre Orgel komplett nach Ma\u00df anfertigen. Sie k\u00f6nnen zum Beispiel ausw\u00e4hlen, welche Klaviaturen Sie wollen, welches Pedalboard und welches Lautsprecherset Sie wollen. Gerne besprechen wir mit Ihnen alle M\u00f6glichkeiten, um Ihre W\u00fcnsche zu erf\u00fcllen.<\/p>\n<p>Haben Sie Interesse am Kauf einer Orgel von Mixtuur? Kommen Sie und probieren Sie sie selbst aus oder bestellen Sie sie direkt in unserem Webshop. Kontaktieren Sie uns f\u00fcr weitere Informationen oder kommen Sie auf eine Tasse Kaffee in unseren Ausstellungsraum in Klundert.<\/p>\n\n<div class=\"wpcf7 no-js\" id=\"wpcf7-f2984-o1\" lang=\"nl-NL\" dir=\"ltr\" data-wpcf7-id=\"2984\">\n<div class=\"screen-reader-response\"><p role=\"status\" aria-live=\"polite\" aria-atomic=\"true\"><\/p> <ul><\/ul><\/div>\n<form action=\"\/de\/wp-json\/wp\/v2\/pages\/10710#wpcf7-f2984-o1\" method=\"post\" class=\"wpcf7-form init\" aria-label=\"Contactformulier\" novalidate=\"novalidate\" data-status=\"init\">\n<fieldset class=\"hidden-fields-container\"><input type=\"hidden\" name=\"_wpcf7\" value=\"2984\" \/><input type=\"hidden\" name=\"_wpcf7_version\" value=\"6.1.5\" \/><input type=\"hidden\" name=\"_wpcf7_locale\" value=\"nl_NL\" \/><input type=\"hidden\" name=\"_wpcf7_unit_tag\" value=\"wpcf7-f2984-o1\" \/><input type=\"hidden\" name=\"_wpcf7_container_post\" value=\"0\" \/><input type=\"hidden\" name=\"_wpcf7_posted_data_hash\" value=\"\" \/><input type=\"hidden\" name=\"_wpcf7_recaptcha_response\" value=\"\" \/>\n<\/fieldset>\n<p>Ihr Name (Pflichtangabe)\n<\/p>\n<p><span class=\"wpcf7-form-control-wrap\" data-name=\"your-name\"><input size=\"40\" maxlength=\"400\" class=\"wpcf7-form-control wpcf7-text wpcf7-validates-as-required\" aria-required=\"true\" aria-invalid=\"false\" value=\"\" type=\"text\" name=\"your-name\" \/><\/span>\n<\/p>\n<p>Ihre E-Mail-Adresse (Pflichtangabe)\n<\/p>\n<p><span class=\"wpcf7-form-control-wrap\" data-name=\"your-email\"><input size=\"40\" maxlength=\"400\" class=\"wpcf7-form-control wpcf7-email wpcf7-validates-as-required wpcf7-text wpcf7-validates-as-email\" aria-required=\"true\" aria-invalid=\"false\" value=\"\" type=\"email\" name=\"your-email\" \/><\/span>\n<\/p>\n<p>Telefonnummer\n<\/p>\n<p><span class=\"wpcf7-form-control-wrap\" data-name=\"tel-640\"><input size=\"40\" maxlength=\"400\" class=\"wpcf7-form-control wpcf7-tel wpcf7-text wpcf7-validates-as-tel\" aria-invalid=\"false\" value=\"\" type=\"tel\" name=\"tel-640\" \/><\/span>\n<\/p>\n<p>Betreff\n<\/p>\n<p><span class=\"wpcf7-form-control-wrap\" data-name=\"your-subject\"><input size=\"40\" maxlength=\"400\" class=\"wpcf7-form-control wpcf7-text\" aria-invalid=\"false\" value=\"\" type=\"text\" name=\"your-subject\" \/><\/span>\n<\/p>\n<p>Deine Nachricht\n<\/p>\n<p><span class=\"wpcf7-form-control-wrap\" data-name=\"your-message\"><textarea cols=\"40\" rows=\"10\" maxlength=\"2000\" class=\"wpcf7-form-control wpcf7-textarea\" aria-invalid=\"false\" name=\"your-message\"><\/textarea><\/span>\n<\/p>\n\n<p><input class=\"wpcf7-form-control wpcf7-submit has-spinner\" type=\"submit\" value=\"Senden\" \/>\n<\/p><div class=\"wpcf7-response-output\" aria-hidden=\"true\"><\/div>\n<\/form>\n<\/div>\n\n","protected":false},"excerpt":{"rendered":"<p>Orgel kaufen Sind Sie auf der Suche nach einer neuen Orgel f\u00fcr Ihr Wohnzimmer? Der Kauf einer Orgel ist eine gro\u00dfe Investition, darum ist es gut zu pr\u00fcfen, welche Orgel am besten zu Ihnen passt. Bei Mixtuur helfen wir Ihnen gerne beim Kauf einer Orgel und beraten Sie \u00fcber alle M\u00f6glichkeiten. Eine Orgel kaufen Sind [&hellip;]<\/p>\n","protected":false},"author":17,"featured_media":0,"parent":0,"menu_order":0,"comment_status":"closed","ping_status":"closed","template":"","meta":{"footnotes":""},"class_list":["post-10710","page","type-page","status-publish","hentry"],"yoast_head":"<!-- This site is optimized with the Yoast SEO plugin v25.5 - https:\/\/yoast.com\/wordpress\/plugins\/seo\/ -->\n<title>Orgel kaufen? Mixtuur liefert Orgeln mit Hauptwerk-Software<\/title>\n<meta name=\"description\" content=\"Sie m\u00f6chten eine Orgel kaufen? Mixtuur bietet Orgeln f\u00fcr Privatpersonen, Kirchen und Konzerts\u00e4le an. Von standardisierten Orgeln bis zu Sonderanfertigungen.\" \/>\n<meta name=\"robots\" content=\"index, follow, max-snippet:-1, max-image-preview:large, max-video-preview:-1\" \/>\n<link rel=\"canonical\" href=\"https:\/\/www.mixtuur.com\/de\/orgel-kaufen\/\" \/>\n<meta property=\"og:locale\" content=\"de_DE\" \/>\n<meta property=\"og:type\" content=\"article\" \/>\n<meta property=\"og:title\" content=\"Orgel kaufen? Mixtuur liefert Orgeln mit Hauptwerk-Software\" \/>\n<meta property=\"og:description\" content=\"Sie m\u00f6chten eine Orgel kaufen? Mixtuur bietet Orgeln f\u00fcr Privatpersonen, Kirchen und Konzerts\u00e4le an. Von standardisierten Orgeln bis zu Sonderanfertigungen.\" \/>\n<meta property=\"og:url\" content=\"https:\/\/www.mixtuur.com\/de\/orgel-kaufen\/\" \/>\n<meta property=\"og:site_name\" content=\"Mixtuur\" \/>\n<meta property=\"og:image\" content=\"https:\/\/www.mixtuur.com\/wordpress\/wp-content\/uploads\/2021\/08\/20210216_151548-scaled-1.jpeg\" \/>\n<meta name=\"twitter:card\" content=\"summary_large_image\" \/>\n<meta name=\"twitter:label1\" content=\"Gesch\u00e4tzte Lesezeit\" \/>\n\t<meta name=\"twitter:data1\" content=\"3\u00a0Minuten\" \/>\n<script type=\"application\/ld+json\" class=\"yoast-schema-graph\">{\"@context\":\"https:\/\/schema.org\",\"@graph\":[{\"@type\":\"WebPage\",\"@id\":\"https:\/\/www.mixtuur.com\/de\/orgel-kaufen\/\",\"url\":\"https:\/\/www.mixtuur.com\/de\/orgel-kaufen\/\",\"name\":\"Orgel kaufen? Mixtuur liefert Orgeln mit Hauptwerk-Software\",\"isPartOf\":{\"@id\":\"https:\/\/www.mixtuur.com\/#website\"},\"primaryImageOfPage\":{\"@id\":\"https:\/\/www.mixtuur.com\/de\/orgel-kaufen\/#primaryimage\"},\"image\":{\"@id\":\"https:\/\/www.mixtuur.com\/de\/orgel-kaufen\/#primaryimage\"},\"thumbnailUrl\":\"https:\/\/www.mixtuur.com\/wp-content\/uploads\/2021\/08\/20210216_151548-scaled-1.jpeg\",\"datePublished\":\"2022-01-31T12:09:52+00:00\",\"description\":\"Sie m\u00f6chten eine Orgel kaufen? Mixtuur bietet Orgeln f\u00fcr Privatpersonen, Kirchen und Konzerts\u00e4le an. Von standardisierten Orgeln bis zu Sonderanfertigungen.\",\"breadcrumb\":{\"@id\":\"https:\/\/www.mixtuur.com\/de\/orgel-kaufen\/#breadcrumb\"},\"inLanguage\":\"de\",\"potentialAction\":[{\"@type\":\"ReadAction\",\"target\":[\"https:\/\/www.mixtuur.com\/de\/orgel-kaufen\/\"]}]},{\"@type\":\"ImageObject\",\"inLanguage\":\"de\",\"@id\":\"https:\/\/www.mixtuur.com\/de\/orgel-kaufen\/#primaryimage\",\"url\":\"https:\/\/www.mixtuur.com\/wp-content\/uploads\/2021\/08\/20210216_151548-scaled-1.jpeg\",\"contentUrl\":\"https:\/\/www.mixtuur.com\/wp-content\/uploads\/2021\/08\/20210216_151548-scaled-1.jpeg\"},{\"@type\":\"BreadcrumbList\",\"@id\":\"https:\/\/www.mixtuur.com\/de\/orgel-kaufen\/#breadcrumb\",\"itemListElement\":[{\"@type\":\"ListItem\",\"position\":1,\"name\":\"Home\",\"item\":\"https:\/\/www.mixtuur.com\/de\/\"},{\"@type\":\"ListItem\",\"position\":2,\"name\":\"Orgel kaufen\"}]},{\"@type\":\"WebSite\",\"@id\":\"https:\/\/www.mixtuur.com\/#website\",\"url\":\"https:\/\/www.mixtuur.com\/\",\"name\":\"Mixtuur\",\"description\":\"The Authentic Sound\",\"potentialAction\":[{\"@type\":\"SearchAction\",\"target\":{\"@type\":\"EntryPoint\",\"urlTemplate\":\"https:\/\/www.mixtuur.com\/?s={search_term_string}\"},\"query-input\":{\"@type\":\"PropertyValueSpecification\",\"valueRequired\":true,\"valueName\":\"search_term_string\"}}],\"inLanguage\":\"de\"}]}<\/script>\n<!-- \/ Yoast SEO plugin. -->","yoast_head_json":{"title":"Orgel kaufen? Mixtuur liefert Orgeln mit Hauptwerk-Software","description":"Sie m\u00f6chten eine Orgel kaufen? Mixtuur bietet Orgeln f\u00fcr Privatpersonen, Kirchen und Konzerts\u00e4le an. Von standardisierten Orgeln bis zu Sonderanfertigungen.","robots":{"index":"index","follow":"follow","max-snippet":"max-snippet:-1","max-image-preview":"max-image-preview:large","max-video-preview":"max-video-preview:-1"},"canonical":"https:\/\/www.mixtuur.com\/de\/orgel-kaufen\/","og_locale":"de_DE","og_type":"article","og_title":"Orgel kaufen? Mixtuur liefert Orgeln mit Hauptwerk-Software","og_description":"Sie m\u00f6chten eine Orgel kaufen? Mixtuur bietet Orgeln f\u00fcr Privatpersonen, Kirchen und Konzerts\u00e4le an. Von standardisierten Orgeln bis zu Sonderanfertigungen.","og_url":"https:\/\/www.mixtuur.com\/de\/orgel-kaufen\/","og_site_name":"Mixtuur","og_image":[{"url":"https:\/\/www.mixtuur.com\/wordpress\/wp-content\/uploads\/2021\/08\/20210216_151548-scaled-1.jpeg","type":"","width":"","height":""}],"twitter_card":"summary_large_image","twitter_misc":{"Gesch\u00e4tzte Lesezeit":"3\u00a0Minuten"},"schema":{"@context":"https:\/\/schema.org","@graph":[{"@type":"WebPage","@id":"https:\/\/www.mixtuur.com\/de\/orgel-kaufen\/","url":"https:\/\/www.mixtuur.com\/de\/orgel-kaufen\/","name":"Orgel kaufen? Mixtuur liefert Orgeln mit Hauptwerk-Software","isPartOf":{"@id":"https:\/\/www.mixtuur.com\/#website"},"primaryImageOfPage":{"@id":"https:\/\/www.mixtuur.com\/de\/orgel-kaufen\/#primaryimage"},"image":{"@id":"https:\/\/www.mixtuur.com\/de\/orgel-kaufen\/#primaryimage"},"thumbnailUrl":"https:\/\/www.mixtuur.com\/wp-content\/uploads\/2021\/08\/20210216_151548-scaled-1.jpeg","datePublished":"2022-01-31T12:09:52+00:00","description":"Sie m\u00f6chten eine Orgel kaufen? Mixtuur bietet Orgeln f\u00fcr Privatpersonen, Kirchen und Konzerts\u00e4le an. Von standardisierten Orgeln bis zu Sonderanfertigungen.","breadcrumb":{"@id":"https:\/\/www.mixtuur.com\/de\/orgel-kaufen\/#breadcrumb"},"inLanguage":"de","potentialAction":[{"@type":"ReadAction","target":["https:\/\/www.mixtuur.com\/de\/orgel-kaufen\/"]}]},{"@type":"ImageObject","inLanguage":"de","@id":"https:\/\/www.mixtuur.com\/de\/orgel-kaufen\/#primaryimage","url":"https:\/\/www.mixtuur.com\/wp-content\/uploads\/2021\/08\/20210216_151548-scaled-1.jpeg","contentUrl":"https:\/\/www.mixtuur.com\/wp-content\/uploads\/2021\/08\/20210216_151548-scaled-1.jpeg"},{"@type":"BreadcrumbList","@id":"https:\/\/www.mixtuur.com\/de\/orgel-kaufen\/#breadcrumb","itemListElement":[{"@type":"ListItem","position":1,"name":"Home","item":"https:\/\/www.mixtuur.com\/de\/"},{"@type":"ListItem","position":2,"name":"Orgel kaufen"}]},{"@type":"WebSite","@id":"https:\/\/www.mixtuur.com\/#website","url":"https:\/\/www.mixtuur.com\/","name":"Mixtuur","description":"The Authentic Sound","potentialAction":[{"@type":"SearchAction","target":{"@type":"EntryPoint","urlTemplate":"https:\/\/www.mixtuur.com\/?s={search_term_string}"},"query-input":{"@type":"PropertyValueSpecification","valueRequired":true,"valueName":"search_term_string"}}],"inLanguage":"de"}]}},"_links":{"self":[{"href":"https:\/\/www.mixtuur.com\/de\/wp-json\/wp\/v2\/pages\/10710","targetHints":{"allow":["GET"]}}],"collection":[{"href":"https:\/\/www.mixtuur.com\/de\/wp-json\/wp\/v2\/pages"}],"about":[{"href":"https:\/\/www.mixtuur.com\/de\/wp-json\/wp\/v2\/types\/page"}],"author":[{"embeddable":true,"href":"https:\/\/www.mixtuur.com\/de\/wp-json\/wp\/v2\/users\/17"}],"replies":[{"embeddable":true,"href":"https:\/\/www.mixtuur.com\/de\/wp-json\/wp\/v2\/comments?post=10710"}],"version-history":[{"count":4,"href":"https:\/\/www.mixtuur.com\/de\/wp-json\/wp\/v2\/pages\/10710\/revisions"}],"predecessor-version":[{"id":10714,"href":"https:\/\/www.mixtuur.com\/de\/wp-json\/wp\/v2\/pages\/10710\/revisions\/10714"}],"wp:attachment":[{"href":"https:\/\/www.mixtuur.com\/de\/wp-json\/wp\/v2\/media?parent=10710"}],"curies":[{"name":"wp","href":"https:\/\/api.w.org\/{rel}","templated":true}]}}